{"id":32505,"date":"2026-05-12T19:17:41","date_gmt":"2026-05-12T19:17:41","guid":{"rendered":"https:\/\/brazzashop.com\/product\/biquini-brasileiro-preto-estilo-e-conforto\/"},"modified":"2026-05-12T19:17:41","modified_gmt":"2026-05-12T19:17:41","slug":"biquini-brasileiro-preto-estilo-e-conforto","status":"publish","type":"product","link":"https:\/\/brazzashop.com\/en\/product\/biquini-brasileiro-preto-estilo-e-conforto\/","title":{"rendered":"Biqu\u00edni Brasileiro Preto \u2013 Estilo e Conforto"},"content":{"rendered":"<p><span>Vers\u00e1til, moderno e sempre atual, o biqu\u00edni brasileiro preto \u00e9 uma pe\u00e7a essencial para o ver\u00e3o. Sua modelagem brasileira proporciona \u00f3timo ajuste ao corpo e muito conforto para curtir a praia ou a piscina com leveza e praticidade. F\u00e1cil de combinar e elegante em qualquer ocasi\u00e3o, \u00e9 um produto importado do Brasil com a qualidade reconhecida da moda praia brasileira. \u2600\ufe0f\ud83d\udc59\ud83c\udde7\ud83c\uddf7<\/span><\/p>\n<p><span><br \/><\/span><\/p>","protected":false},"excerpt":{"rendered":"<p><span>Biqu\u00edni brasileiro preto com design moderno e caimento perfeito, ideal para quem busca conforto e versatilidade.<\/span><\/p>\n<p><span><br \/><\/span><\/p>","protected":false},"featured_media":32504,"comment_status":"open","ping_status":"closed","template":"","meta":{"_acf_changed":false},"product_brand":[],"product_cat":[1211],"product_tag":[1191],"class_list":{"0":"post-32505","1":"product","2":"type-product","3":"status-publish","4":"has-post-thumbnail","6":"product_cat-moda-praia","7":"product_tag-local","9":"first","10":"instock","11":"taxable","12":"shipping-taxable","13":"purchasable","14":"product-type-simple"},"acf":[],"jetpack_sharing_enabled":true,"_links":{"self":[{"href":"https:\/\/brazzashop.com\/en\/wp-json\/wp\/v2\/product\/32505","targetHints":{"allow":["GET"]}}],"collection":[{"href":"https:\/\/brazzashop.com\/en\/wp-json\/wp\/v2\/product"}],"about":[{"href":"https:\/\/brazzashop.com\/en\/wp-json\/wp\/v2\/types\/product"}],"replies":[{"embeddable":true,"href":"https:\/\/brazzashop.com\/en\/wp-json\/wp\/v2\/comments?post=32505"}],"version-history":[{"count":0,"href":"https:\/\/brazzashop.com\/en\/wp-json\/wp\/v2\/product\/32505\/revisions"}],"wp:featuredmedia":[{"embeddable":true,"href":"https:\/\/brazzashop.com\/en\/wp-json\/wp\/v2\/media\/32504"}],"wp:attachment":[{"href":"https:\/\/brazzashop.com\/en\/wp-json\/wp\/v2\/media?parent=32505"}],"wp:term":[{"taxonomy":"product_brand","embeddable":true,"href":"https:\/\/brazzashop.com\/en\/wp-json\/wp\/v2\/product_brand?post=32505"},{"taxonomy":"product_cat","embeddable":true,"href":"https:\/\/brazzashop.com\/en\/wp-json\/wp\/v2\/product_cat?post=32505"},{"taxonomy":"product_tag","embeddable":true,"href":"https:\/\/brazzashop.com\/en\/wp-json\/wp\/v2\/product_tag?post=32505"}],"curies":[{"name":"wp","href":"https:\/\/api.w.org\/{rel}","templated":true}]}}