{"id":32503,"date":"2026-05-12T19:14:48","date_gmt":"2026-05-12T19:14:48","guid":{"rendered":"https:\/\/brazzashop.com\/product\/biquini-brasileiro-preto-classico-e-sofisticado\/"},"modified":"2026-05-12T19:14:48","modified_gmt":"2026-05-12T19:14:48","slug":"biquini-brasileiro-preto-classico-e-sofisticado","status":"publish","type":"product","link":"https:\/\/brazzashop.com\/en\/product\/biquini-brasileiro-preto-classico-e-sofisticado\/","title":{"rendered":"Biqu\u00edni Brasileiro Preto \u2013 Cl\u00e1ssico e Sofisticado"},"content":{"rendered":"<p><span>Um cl\u00e1ssico atemporal da moda praia brasileira. O biqu\u00edni brasileiro preto combina sofistica\u00e7\u00e3o, conforto e um caimento que valoriza naturalmente o corpo. Vers\u00e1til e f\u00e1cil de combinar, \u00e9 ideal para aproveitar dias de sol com estilo e confian\u00e7a. Produto importado do Brasil, com a qualidade e o charme da moda praia brasileira. \u2600\ufe0f\ud83d\udc59\ud83c\udde7\ud83c\uddf7<\/span><\/p>\n<p><span><br \/><\/span><\/p>","protected":false},"excerpt":{"rendered":"<p><span>Biqu\u00edni brasileiro preto com modelagem confort\u00e1vel e excelente caimento, perfeito para praia e piscina.<\/span><\/p>\n<p><span><br \/><\/span><\/p>","protected":false},"featured_media":32502,"comment_status":"open","ping_status":"closed","template":"","meta":{"_acf_changed":false},"product_brand":[],"product_cat":[1211],"product_tag":[1191],"class_list":{"0":"post-32503","1":"product","2":"type-product","3":"status-publish","4":"has-post-thumbnail","6":"product_cat-moda-praia","7":"product_tag-local","9":"first","10":"instock","11":"taxable","12":"shipping-taxable","13":"purchasable","14":"product-type-simple"},"acf":[],"jetpack_sharing_enabled":true,"_links":{"self":[{"href":"https:\/\/brazzashop.com\/en\/wp-json\/wp\/v2\/product\/32503","targetHints":{"allow":["GET"]}}],"collection":[{"href":"https:\/\/brazzashop.com\/en\/wp-json\/wp\/v2\/product"}],"about":[{"href":"https:\/\/brazzashop.com\/en\/wp-json\/wp\/v2\/types\/product"}],"replies":[{"embeddable":true,"href":"https:\/\/brazzashop.com\/en\/wp-json\/wp\/v2\/comments?post=32503"}],"version-history":[{"count":0,"href":"https:\/\/brazzashop.com\/en\/wp-json\/wp\/v2\/product\/32503\/revisions"}],"wp:featuredmedia":[{"embeddable":true,"href":"https:\/\/brazzashop.com\/en\/wp-json\/wp\/v2\/media\/32502"}],"wp:attachment":[{"href":"https:\/\/brazzashop.com\/en\/wp-json\/wp\/v2\/media?parent=32503"}],"wp:term":[{"taxonomy":"product_brand","embeddable":true,"href":"https:\/\/brazzashop.com\/en\/wp-json\/wp\/v2\/product_brand?post=32503"},{"taxonomy":"product_cat","embeddable":true,"href":"https:\/\/brazzashop.com\/en\/wp-json\/wp\/v2\/product_cat?post=32503"},{"taxonomy":"product_tag","embeddable":true,"href":"https:\/\/brazzashop.com\/en\/wp-json\/wp\/v2\/product_tag?post=32503"}],"curies":[{"name":"wp","href":"https:\/\/api.w.org\/{rel}","templated":true}]}}