{"id":32463,"date":"2026-05-08T03:13:44","date_gmt":"2026-05-08T03:13:44","guid":{"rendered":"https:\/\/brazzashop.com\/product\/minha-primeira-biblioteca-galinha-pintadinha-kit-com-6-mini-livros-infantil-importado-do-brasil\/"},"modified":"2026-05-08T03:27:36","modified_gmt":"2026-05-08T03:27:36","slug":"minha-primeira-biblioteca-galinha-pintadinha-kit-com-6-mini-livros-infantil-importado-do-brasil","status":"publish","type":"product","link":"https:\/\/brazzashop.com\/en\/product\/minha-primeira-biblioteca-galinha-pintadinha-kit-com-6-mini-livros-infantil-importado-do-brasil\/","title":{"rendered":"Minha Primeira Biblioteca Galinha Pintadinha \u2013 Kit com 6 mini livros Infantil Importado do Brasil"},"content":{"rendered":"<p>\u201cMinha Primeira Biblioteca Galinha Pintadinha\u201d \u00e9 um kit infantil educativo importado do Brasil com 6 mini livrinhos coloridos e resistentes, feitos especialmente para as m\u00e3ozinhas pequenas. Com temas como n\u00fameros, formas, cores, vogais e sauda\u00e7\u00f5es, o kit ajuda no desenvolvimento infantil de forma divertida e interativa. Ideal para crian\u00e7as brasileiras nos Estados Unidos aprenderem e manterem contato com o portugu\u00eas desde cedo atrav\u00e9s da leitura e da brincadeira.<\/p>\n<p><\/p>","protected":false},"excerpt":{"rendered":"<p>Kit infantil importado do Brasil com 6 mini livrinhos educativos da Galinha Pintadinha, perfeito para estimular a leitura e o aprendizado das crian\u00e7as.<\/p>\n<p><\/p>","protected":false},"featured_media":32464,"comment_status":"open","ping_status":"closed","template":"","meta":{"_acf_changed":false},"product_brand":[],"product_cat":[51],"product_tag":[1191],"class_list":{"0":"post-32463","1":"product","2":"type-product","3":"status-publish","4":"has-post-thumbnail","6":"product_cat-livros","7":"product_tag-local","9":"first","10":"instock","11":"taxable","12":"shipping-taxable","13":"purchasable","14":"product-type-simple"},"acf":[],"jetpack_sharing_enabled":true,"_links":{"self":[{"href":"https:\/\/brazzashop.com\/en\/wp-json\/wp\/v2\/product\/32463","targetHints":{"allow":["GET"]}}],"collection":[{"href":"https:\/\/brazzashop.com\/en\/wp-json\/wp\/v2\/product"}],"about":[{"href":"https:\/\/brazzashop.com\/en\/wp-json\/wp\/v2\/types\/product"}],"replies":[{"embeddable":true,"href":"https:\/\/brazzashop.com\/en\/wp-json\/wp\/v2\/comments?post=32463"}],"version-history":[{"count":1,"href":"https:\/\/brazzashop.com\/en\/wp-json\/wp\/v2\/product\/32463\/revisions"}],"predecessor-version":[{"id":32465,"href":"https:\/\/brazzashop.com\/en\/wp-json\/wp\/v2\/product\/32463\/revisions\/32465"}],"wp:featuredmedia":[{"embeddable":true,"href":"https:\/\/brazzashop.com\/en\/wp-json\/wp\/v2\/media\/32464"}],"wp:attachment":[{"href":"https:\/\/brazzashop.com\/en\/wp-json\/wp\/v2\/media?parent=32463"}],"wp:term":[{"taxonomy":"product_brand","embeddable":true,"href":"https:\/\/brazzashop.com\/en\/wp-json\/wp\/v2\/product_brand?post=32463"},{"taxonomy":"product_cat","embeddable":true,"href":"https:\/\/brazzashop.com\/en\/wp-json\/wp\/v2\/product_cat?post=32463"},{"taxonomy":"product_tag","embeddable":true,"href":"https:\/\/brazzashop.com\/en\/wp-json\/wp\/v2\/product_tag?post=32463"}],"curies":[{"name":"wp","href":"https:\/\/api.w.org\/{rel}","templated":true}]}}