{"id":32450,"date":"2026-05-08T02:56:31","date_gmt":"2026-05-08T02:56:31","guid":{"rendered":"https:\/\/brazzashop.com\/product\/biblioteca-de-boas-maneiras-turma-da-monica-kit-infantil-com-6-mini-livros\/"},"modified":"2026-05-08T02:56:31","modified_gmt":"2026-05-08T02:56:31","slug":"biblioteca-de-boas-maneiras-turma-da-monica-kit-infantil-com-6-mini-livros","status":"publish","type":"product","link":"https:\/\/brazzashop.com\/en\/product\/biblioteca-de-boas-maneiras-turma-da-monica-kit-infantil-com-6-mini-livros\/","title":{"rendered":"Biblioteca de Boas Maneiras \u2013 Turma da M\u00f4nica | Kit Infantil com 6 Mini Livros"},"content":{"rendered":"<p><span>A \u201cBiblioteca de Boas Maneiras \u2013 Turma da M\u00f4nica\u201d \u00e9 um kit infantil importado do Brasil com 6 mini livros educativos e coloridos. Com personagens queridos, ajuda as crian\u00e7as a aprenderem express\u00f5es importantes do dia a dia, como \u201cpor favor\u201d, \u201cobrigado\u201d e \u201cdesculpa\u201d, de forma leve e divertida. Ideal para crian\u00e7as brasileiras nos Estados Unidos manterem contato com o portugu\u00eas desde cedo.<\/span><\/p>\n<p><span><br \/><\/span><\/p>","protected":false},"excerpt":{"rendered":"<p><span>Kit infantil importado do Brasil com 6 mini livros da Turma da M\u00f4nica, perfeito para ensinar boas maneiras e incentivar a leitura em portugu\u00eas.<\/span><\/p>\n<p><span><br \/><\/span><\/p>","protected":false},"featured_media":32442,"comment_status":"open","ping_status":"closed","template":"","meta":{"_acf_changed":false},"product_brand":[],"product_cat":[51],"product_tag":[1191],"class_list":{"0":"post-32450","1":"product","2":"type-product","3":"status-publish","4":"has-post-thumbnail","6":"product_cat-livros","7":"product_tag-local","9":"first","10":"instock","11":"taxable","12":"shipping-taxable","13":"purchasable","14":"product-type-simple"},"acf":[],"jetpack_sharing_enabled":true,"_links":{"self":[{"href":"https:\/\/brazzashop.com\/en\/wp-json\/wp\/v2\/product\/32450","targetHints":{"allow":["GET"]}}],"collection":[{"href":"https:\/\/brazzashop.com\/en\/wp-json\/wp\/v2\/product"}],"about":[{"href":"https:\/\/brazzashop.com\/en\/wp-json\/wp\/v2\/types\/product"}],"replies":[{"embeddable":true,"href":"https:\/\/brazzashop.com\/en\/wp-json\/wp\/v2\/comments?post=32450"}],"version-history":[{"count":0,"href":"https:\/\/brazzashop.com\/en\/wp-json\/wp\/v2\/product\/32450\/revisions"}],"wp:featuredmedia":[{"embeddable":true,"href":"https:\/\/brazzashop.com\/en\/wp-json\/wp\/v2\/media\/32442"}],"wp:attachment":[{"href":"https:\/\/brazzashop.com\/en\/wp-json\/wp\/v2\/media?parent=32450"}],"wp:term":[{"taxonomy":"product_brand","embeddable":true,"href":"https:\/\/brazzashop.com\/en\/wp-json\/wp\/v2\/product_brand?post=32450"},{"taxonomy":"product_cat","embeddable":true,"href":"https:\/\/brazzashop.com\/en\/wp-json\/wp\/v2\/product_cat?post=32450"},{"taxonomy":"product_tag","embeddable":true,"href":"https:\/\/brazzashop.com\/en\/wp-json\/wp\/v2\/product_tag?post=32450"}],"curies":[{"name":"wp","href":"https:\/\/api.w.org\/{rel}","templated":true}]}}