{"id":32441,"date":"2026-05-08T02:38:43","date_gmt":"2026-05-08T02:38:43","guid":{"rendered":"https:\/\/brazzashop.com\/product\/minha-primeira-biblia-infantil-ilustrada-livro-cristao-em-portugues\/"},"modified":"2026-05-08T02:38:43","modified_gmt":"2026-05-08T02:38:43","slug":"minha-primeira-biblia-infantil-ilustrada-livro-cristao-em-portugues","status":"publish","type":"product","link":"https:\/\/brazzashop.com\/en\/product\/minha-primeira-biblia-infantil-ilustrada-livro-cristao-em-portugues\/","title":{"rendered":"Minha Primeira B\u00edblia Infantil Ilustrada \u2013 Livro Crist\u00e3o em Portugu\u00eas"},"content":{"rendered":"<p><span>\u201cMinha Primeira B\u00edblia\u201d \u00e9 um livro infantil crist\u00e3o com ilustra\u00e7\u00f5es coloridas e linguagem simples, perfeito para os pequenos aprenderem sobre Deus de maneira divertida e carinhosa. Ideal para momentos de leitura em fam\u00edlia, aprendizado infantil e incentivo \u00e0 f\u00e9 desde cedo. Um \u00f3timo livro para crian\u00e7as brasileiras nos Estados Unidos manterem contato com o portugu\u00eas enquanto desenvolvem o h\u00e1bito da leitura e os valores crist\u00e3os.<\/span><\/p>\n<p><span><br \/><\/span><\/p>","protected":false},"excerpt":{"rendered":"<p><span>Uma linda B\u00edblia infantil ilustrada em portugu\u00eas, criada para apresentar \u00e0s crian\u00e7as hist\u00f3rias de f\u00e9, amor e ensinamentos b\u00edblicos de forma leve e encantadora.<\/span><\/p>\n<p><span><br \/><\/span><\/p>","protected":false},"featured_media":32440,"comment_status":"open","ping_status":"closed","template":"","meta":{"_acf_changed":false},"product_brand":[],"product_cat":[51],"product_tag":[1191],"class_list":{"0":"post-32441","1":"product","2":"type-product","3":"status-publish","4":"has-post-thumbnail","6":"product_cat-livros","7":"product_tag-local","9":"first","10":"instock","11":"taxable","12":"shipping-taxable","13":"purchasable","14":"product-type-simple"},"acf":[],"jetpack_sharing_enabled":true,"_links":{"self":[{"href":"https:\/\/brazzashop.com\/en\/wp-json\/wp\/v2\/product\/32441","targetHints":{"allow":["GET"]}}],"collection":[{"href":"https:\/\/brazzashop.com\/en\/wp-json\/wp\/v2\/product"}],"about":[{"href":"https:\/\/brazzashop.com\/en\/wp-json\/wp\/v2\/types\/product"}],"replies":[{"embeddable":true,"href":"https:\/\/brazzashop.com\/en\/wp-json\/wp\/v2\/comments?post=32441"}],"version-history":[{"count":0,"href":"https:\/\/brazzashop.com\/en\/wp-json\/wp\/v2\/product\/32441\/revisions"}],"wp:featuredmedia":[{"embeddable":true,"href":"https:\/\/brazzashop.com\/en\/wp-json\/wp\/v2\/media\/32440"}],"wp:attachment":[{"href":"https:\/\/brazzashop.com\/en\/wp-json\/wp\/v2\/media?parent=32441"}],"wp:term":[{"taxonomy":"product_brand","embeddable":true,"href":"https:\/\/brazzashop.com\/en\/wp-json\/wp\/v2\/product_brand?post=32441"},{"taxonomy":"product_cat","embeddable":true,"href":"https:\/\/brazzashop.com\/en\/wp-json\/wp\/v2\/product_cat?post=32441"},{"taxonomy":"product_tag","embeddable":true,"href":"https:\/\/brazzashop.com\/en\/wp-json\/wp\/v2\/product_tag?post=32441"}],"curies":[{"name":"wp","href":"https:\/\/api.w.org\/{rel}","templated":true}]}}