{"id":32436,"date":"2026-05-08T02:21:39","date_gmt":"2026-05-08T02:21:39","guid":{"rendered":"https:\/\/brazzashop.com\/product\/minha-primeira-biblia-infantil-ilustrada-livro-em-portugues-para-criancas\/"},"modified":"2026-05-08T02:21:39","modified_gmt":"2026-05-08T02:21:39","slug":"minha-primeira-biblia-infantil-ilustrada-livro-em-portugues-para-criancas","status":"publish","type":"product","link":"https:\/\/brazzashop.com\/en\/product\/minha-primeira-biblia-infantil-ilustrada-livro-em-portugues-para-criancas\/","title":{"rendered":"Minha Primeira B\u00edblia Infantil Ilustrada \u2013 Livro em Portugu\u00eas para Crian\u00e7as"},"content":{"rendered":"<p><span>Minha Primeira B\u00edblia\u201d \u00e9 um livro infantil ilustrado pensado especialmente para os pequenos aprenderem sobre as hist\u00f3rias b\u00edblicas de maneira simples e encantadora. Com desenhos coloridos, p\u00e1ginas resistentes e linguagem infantil, ele ajuda a incentivar o amor pela leitura e pela f\u00e9 desde cedo. Ideal para crian\u00e7as brasileiras nos Estados Unidos que desejam manter o contato com o portugu\u00eas atrav\u00e9s de livros educativos e religiosos.<\/span><\/p>\n<p><span><br \/><\/span><\/p>","protected":false},"excerpt":{"rendered":"<p><span>Uma linda B\u00edblia infantil ilustrada em portugu\u00eas, perfeita para apresentar as hist\u00f3rias b\u00edblicas \u00e0s crian\u00e7as de forma leve, divertida e encantadora.<\/span><\/p>\n<p><span><br \/><\/span><\/p>","protected":false},"featured_media":32434,"comment_status":"open","ping_status":"closed","template":"","meta":{"_acf_changed":false},"product_brand":[],"product_cat":[51],"product_tag":[1191],"class_list":{"0":"post-32436","1":"product","2":"type-product","3":"status-publish","4":"has-post-thumbnail","6":"product_cat-livros","7":"product_tag-local","9":"first","10":"instock","11":"taxable","12":"shipping-taxable","13":"purchasable","14":"product-type-simple"},"acf":[],"jetpack_sharing_enabled":true,"_links":{"self":[{"href":"https:\/\/brazzashop.com\/en\/wp-json\/wp\/v2\/product\/32436","targetHints":{"allow":["GET"]}}],"collection":[{"href":"https:\/\/brazzashop.com\/en\/wp-json\/wp\/v2\/product"}],"about":[{"href":"https:\/\/brazzashop.com\/en\/wp-json\/wp\/v2\/types\/product"}],"replies":[{"embeddable":true,"href":"https:\/\/brazzashop.com\/en\/wp-json\/wp\/v2\/comments?post=32436"}],"version-history":[{"count":0,"href":"https:\/\/brazzashop.com\/en\/wp-json\/wp\/v2\/product\/32436\/revisions"}],"wp:featuredmedia":[{"embeddable":true,"href":"https:\/\/brazzashop.com\/en\/wp-json\/wp\/v2\/media\/32434"}],"wp:attachment":[{"href":"https:\/\/brazzashop.com\/en\/wp-json\/wp\/v2\/media?parent=32436"}],"wp:term":[{"taxonomy":"product_brand","embeddable":true,"href":"https:\/\/brazzashop.com\/en\/wp-json\/wp\/v2\/product_brand?post=32436"},{"taxonomy":"product_cat","embeddable":true,"href":"https:\/\/brazzashop.com\/en\/wp-json\/wp\/v2\/product_cat?post=32436"},{"taxonomy":"product_tag","embeddable":true,"href":"https:\/\/brazzashop.com\/en\/wp-json\/wp\/v2\/product_tag?post=32436"}],"curies":[{"name":"wp","href":"https:\/\/api.w.org\/{rel}","templated":true}]}}