{"id":32433,"date":"2026-05-08T02:14:13","date_gmt":"2026-05-08T02:14:13","guid":{"rendered":"https:\/\/brazzashop.com\/product\/minha-primeira-biblia-infantil-livro-ilustrado-para-criancas\/"},"modified":"2026-05-08T02:14:13","modified_gmt":"2026-05-08T02:14:13","slug":"minha-primeira-biblia-infantil-livro-ilustrado-para-criancas","status":"publish","type":"product","link":"https:\/\/brazzashop.com\/en\/product\/minha-primeira-biblia-infantil-livro-ilustrado-para-criancas\/","title":{"rendered":"Minha Primeira B\u00edblia Infantil \u2013 Livro Ilustrado para Crian\u00e7as"},"content":{"rendered":"<p><span>A <\/span><span style=\"font-family: TimesNewRomanPS-ItalicMT;font-style: italic\">Minha Primeira B\u00edblia<\/span><span> \u00e9 um livro infantil encantador, criado especialmente para os pequenos aprenderem sobre Deus desde cedo. Com p\u00e1ginas resistentes, ilustra\u00e7\u00f5es fofas e hist\u00f3rias em linguagem simples, ela torna os momentos de leitura mais especiais e educativos. Ideal para crian\u00e7as pequenas, para leitura em fam\u00edlia, antes de dormir ou como presente cheio de significado. Uma forma linda de incentivar a f\u00e9, o amor e o aprendizado de maneira leve e divertida.<\/span><\/p>\n<p><span><br \/><\/span><\/p>","protected":false},"excerpt":{"rendered":"<p><span>Uma linda B\u00edblia infantil com ilustra\u00e7\u00f5es coloridas e linguagem simples, perfeita para apresentar as hist\u00f3rias de Deus aos pequenos de forma divertida e carinhosa.<\/span><\/p>\n<p><span><br \/><\/span><\/p>","protected":false},"featured_media":32431,"comment_status":"open","ping_status":"closed","template":"","meta":{"_acf_changed":false},"product_brand":[],"product_cat":[51],"product_tag":[1191],"class_list":{"0":"post-32433","1":"product","2":"type-product","3":"status-publish","4":"has-post-thumbnail","6":"product_cat-livros","7":"product_tag-local","9":"first","10":"instock","11":"taxable","12":"shipping-taxable","13":"purchasable","14":"product-type-simple"},"acf":[],"jetpack_sharing_enabled":true,"_links":{"self":[{"href":"https:\/\/brazzashop.com\/en\/wp-json\/wp\/v2\/product\/32433","targetHints":{"allow":["GET"]}}],"collection":[{"href":"https:\/\/brazzashop.com\/en\/wp-json\/wp\/v2\/product"}],"about":[{"href":"https:\/\/brazzashop.com\/en\/wp-json\/wp\/v2\/types\/product"}],"replies":[{"embeddable":true,"href":"https:\/\/brazzashop.com\/en\/wp-json\/wp\/v2\/comments?post=32433"}],"version-history":[{"count":0,"href":"https:\/\/brazzashop.com\/en\/wp-json\/wp\/v2\/product\/32433\/revisions"}],"wp:featuredmedia":[{"embeddable":true,"href":"https:\/\/brazzashop.com\/en\/wp-json\/wp\/v2\/media\/32431"}],"wp:attachment":[{"href":"https:\/\/brazzashop.com\/en\/wp-json\/wp\/v2\/media?parent=32433"}],"wp:term":[{"taxonomy":"product_brand","embeddable":true,"href":"https:\/\/brazzashop.com\/en\/wp-json\/wp\/v2\/product_brand?post=32433"},{"taxonomy":"product_cat","embeddable":true,"href":"https:\/\/brazzashop.com\/en\/wp-json\/wp\/v2\/product_cat?post=32433"},{"taxonomy":"product_tag","embeddable":true,"href":"https:\/\/brazzashop.com\/en\/wp-json\/wp\/v2\/product_tag?post=32433"}],"curies":[{"name":"wp","href":"https:\/\/api.w.org\/{rel}","templated":true}]}}