{"id":32430,"date":"2026-05-08T02:12:03","date_gmt":"2026-05-08T02:12:03","guid":{"rendered":"https:\/\/brazzashop.com\/product\/animais-da-biblia-infantil-livro-ilustrado-para-criancas\/"},"modified":"2026-05-08T02:12:03","modified_gmt":"2026-05-08T02:12:03","slug":"animais-da-biblia-infantil-livro-ilustrado-para-criancas","status":"publish","type":"product","link":"https:\/\/brazzashop.com\/en\/product\/animais-da-biblia-infantil-livro-ilustrado-para-criancas\/","title":{"rendered":"Animais da B\u00edblia Infantil \u2013 Livro Ilustrado para Crian\u00e7as"},"content":{"rendered":"<p><span>O <\/span><span style=\"font-family: TimesNewRomanPS-ItalicMT;font-style: italic\">Animais da B\u00edblia<\/span><span> \u00e9 um livro infantil perfeito para despertar a curiosidade e o amor pela leitura nas crian\u00e7as. Com ilustra\u00e7\u00f5es fofas e coloridas, os pequenos conhecem diversos animais presentes nas hist\u00f3rias b\u00edblicas de maneira leve e divertida. Ideal para momentos em fam\u00edlia, leitura antes de dormir ou para incentivar o aprendizado infantil com temas b\u00edblicos e educativos. Um livro resistente, lindo e especial para fazer parte da inf\u00e2ncia das crian\u00e7as.<\/span><\/p>\n<p><span><br \/><\/span><\/p>","protected":false},"excerpt":{"rendered":"<p><span>Um livro infantil encantador que apresenta os animais da B\u00edblia de forma divertida, educativa e cheia de cores para os pequenos aprenderem brincando.<\/span><\/p>\n<p><span><br \/><\/span><\/p>","protected":false},"featured_media":32428,"comment_status":"open","ping_status":"closed","template":"","meta":{"_acf_changed":false},"product_brand":[],"product_cat":[51],"product_tag":[1191],"class_list":{"0":"post-32430","1":"product","2":"type-product","3":"status-publish","4":"has-post-thumbnail","6":"product_cat-livros","7":"product_tag-local","9":"first","10":"instock","11":"taxable","12":"shipping-taxable","13":"purchasable","14":"product-type-simple"},"acf":[],"jetpack_sharing_enabled":true,"_links":{"self":[{"href":"https:\/\/brazzashop.com\/en\/wp-json\/wp\/v2\/product\/32430","targetHints":{"allow":["GET"]}}],"collection":[{"href":"https:\/\/brazzashop.com\/en\/wp-json\/wp\/v2\/product"}],"about":[{"href":"https:\/\/brazzashop.com\/en\/wp-json\/wp\/v2\/types\/product"}],"replies":[{"embeddable":true,"href":"https:\/\/brazzashop.com\/en\/wp-json\/wp\/v2\/comments?post=32430"}],"version-history":[{"count":0,"href":"https:\/\/brazzashop.com\/en\/wp-json\/wp\/v2\/product\/32430\/revisions"}],"wp:featuredmedia":[{"embeddable":true,"href":"https:\/\/brazzashop.com\/en\/wp-json\/wp\/v2\/media\/32428"}],"wp:attachment":[{"href":"https:\/\/brazzashop.com\/en\/wp-json\/wp\/v2\/media?parent=32430"}],"wp:term":[{"taxonomy":"product_brand","embeddable":true,"href":"https:\/\/brazzashop.com\/en\/wp-json\/wp\/v2\/product_brand?post=32430"},{"taxonomy":"product_cat","embeddable":true,"href":"https:\/\/brazzashop.com\/en\/wp-json\/wp\/v2\/product_cat?post=32430"},{"taxonomy":"product_tag","embeddable":true,"href":"https:\/\/brazzashop.com\/en\/wp-json\/wp\/v2\/product_tag?post=32430"}],"curies":[{"name":"wp","href":"https:\/\/api.w.org\/{rel}","templated":true}]}}