{"id":32426,"date":"2026-05-07T23:31:42","date_gmt":"2026-05-07T23:31:42","guid":{"rendered":"https:\/\/brazzashop.com\/product\/biblia-dos-pequeninos-livro-infantil-ilustrado\/"},"modified":"2026-05-11T08:30:20","modified_gmt":"2026-05-11T08:30:20","slug":"biblia-dos-pequeninos-livro-infantil-ilustrado","status":"publish","type":"product","link":"https:\/\/brazzashop.com\/en\/product\/biblia-dos-pequeninos-livro-infantil-ilustrado\/","title":{"rendered":"B\u00edblia dos Pequeninos \u2013 Livro Infantil Ilustrado"},"content":{"rendered":"<p><span>A <\/span><span style=\"font-family: TimesNewRomanPS-ItalicMT;font-style: italic\">B\u00edblia dos Pequeninos<\/span><span> foi criada para apresentar \u00e0s crian\u00e7as hist\u00f3rias b\u00edblicas de forma leve, divertida e carinhosa. Com p\u00e1ginas resistentes e desenhos coloridos, o livro ajuda a despertar o interesse pela leitura desde cedo.<\/span><\/p>\n<p><span><\/span><\/p>\n<p><span>Ideal para momentos em fam\u00edlia, leitura antes de dormir e para aproximar os pequenos das hist\u00f3rias da B\u00edblia de maneira simples e encantadora.<\/span><\/p>\n<p><span><br \/><\/span><\/p>","protected":false},"excerpt":{"rendered":"<p><span>Uma B\u00edblia infantil encantadora, com ilustra\u00e7\u00f5es fofas e hist\u00f3rias pensadas especialmente para os pequenos.<\/span><\/p>\n<p><span><br \/><\/span><\/p>","protected":false},"featured_media":32425,"comment_status":"open","ping_status":"closed","template":"","meta":{"_acf_changed":false},"product_brand":[],"product_cat":[51],"product_tag":[1191],"class_list":{"0":"post-32426","1":"product","2":"type-product","3":"status-publish","4":"has-post-thumbnail","6":"product_cat-livros","7":"product_tag-local","9":"first","10":"instock","11":"taxable","12":"shipping-taxable","13":"purchasable","14":"product-type-simple"},"acf":[],"jetpack_sharing_enabled":true,"_links":{"self":[{"href":"https:\/\/brazzashop.com\/en\/wp-json\/wp\/v2\/product\/32426","targetHints":{"allow":["GET"]}}],"collection":[{"href":"https:\/\/brazzashop.com\/en\/wp-json\/wp\/v2\/product"}],"about":[{"href":"https:\/\/brazzashop.com\/en\/wp-json\/wp\/v2\/types\/product"}],"replies":[{"embeddable":true,"href":"https:\/\/brazzashop.com\/en\/wp-json\/wp\/v2\/comments?post=32426"}],"version-history":[{"count":0,"href":"https:\/\/brazzashop.com\/en\/wp-json\/wp\/v2\/product\/32426\/revisions"}],"wp:featuredmedia":[{"embeddable":true,"href":"https:\/\/brazzashop.com\/en\/wp-json\/wp\/v2\/media\/32425"}],"wp:attachment":[{"href":"https:\/\/brazzashop.com\/en\/wp-json\/wp\/v2\/media?parent=32426"}],"wp:term":[{"taxonomy":"product_brand","embeddable":true,"href":"https:\/\/brazzashop.com\/en\/wp-json\/wp\/v2\/product_brand?post=32426"},{"taxonomy":"product_cat","embeddable":true,"href":"https:\/\/brazzashop.com\/en\/wp-json\/wp\/v2\/product_cat?post=32426"},{"taxonomy":"product_tag","embeddable":true,"href":"https:\/\/brazzashop.com\/en\/wp-json\/wp\/v2\/product_tag?post=32426"}],"curies":[{"name":"wp","href":"https:\/\/api.w.org\/{rel}","templated":true}]}}