{"id":32424,"date":"2026-05-07T23:28:58","date_gmt":"2026-05-07T23:28:58","guid":{"rendered":"https:\/\/brazzashop.com\/product\/arca-de-noe-livro-infantil-biblico-ilustrado\/"},"modified":"2026-05-07T23:28:58","modified_gmt":"2026-05-07T23:28:58","slug":"arca-de-noe-livro-infantil-biblico-ilustrado","status":"publish","type":"product","link":"https:\/\/brazzashop.com\/en\/product\/arca-de-noe-livro-infantil-biblico-ilustrado\/","title":{"rendered":"Arca de No\u00e9 \u2013 Livro Infantil B\u00edblico Ilustrado"},"content":{"rendered":"<p><span>O livro <\/span><span style=\"font-family: TimesNewRomanPS-ItalicMT;font-style: italic\">Arca de No\u00e9<\/span><span> apresenta uma das hist\u00f3rias b\u00edblicas mais conhecidas de forma leve, divertida e visual para os pequenos. Com p\u00e1ginas resistentes e ilustra\u00e7\u00f5es cheias de cores e animais, ele torna o momento da leitura ainda mais especial.<\/span><\/p>\n<p><span><\/span><\/p>\n<p><span>Ideal para incentivar o h\u00e1bito da leitura, aproximar as crian\u00e7as das hist\u00f3rias b\u00edblicas e criar momentos em fam\u00edlia cheios de imagina\u00e7\u00e3o e aprendizado.<\/span><\/p>\n<p><span><br \/><\/span><\/p>","protected":false},"excerpt":{"rendered":"<p><span id=\"_mce_caret\" data-mce-bogus=\"1\" data-mce-type=\"format-caret\"><span style=\"text-decoration: underline\" data-mce-style=\"text-decoration: underline;\"><\/span><\/span><span>\u00a0Livro infantil inspirado na hist\u00f3ria da Arca de No\u00e9, com ilustra\u00e7\u00f5es coloridas e uma leitura encantadora para as crian\u00e7as.<\/span><br data-mce-bogus=\"1\"><\/p>\n<p><span><br \/><\/span><\/p>","protected":false},"featured_media":32423,"comment_status":"open","ping_status":"closed","template":"","meta":{"_acf_changed":false},"product_brand":[],"product_cat":[51],"product_tag":[1191],"class_list":{"0":"post-32424","1":"product","2":"type-product","3":"status-publish","4":"has-post-thumbnail","6":"product_cat-livros","7":"product_tag-local","9":"first","10":"instock","11":"taxable","12":"shipping-taxable","13":"purchasable","14":"product-type-simple"},"acf":[],"jetpack_sharing_enabled":true,"_links":{"self":[{"href":"https:\/\/brazzashop.com\/en\/wp-json\/wp\/v2\/product\/32424","targetHints":{"allow":["GET"]}}],"collection":[{"href":"https:\/\/brazzashop.com\/en\/wp-json\/wp\/v2\/product"}],"about":[{"href":"https:\/\/brazzashop.com\/en\/wp-json\/wp\/v2\/types\/product"}],"replies":[{"embeddable":true,"href":"https:\/\/brazzashop.com\/en\/wp-json\/wp\/v2\/comments?post=32424"}],"version-history":[{"count":0,"href":"https:\/\/brazzashop.com\/en\/wp-json\/wp\/v2\/product\/32424\/revisions"}],"wp:featuredmedia":[{"embeddable":true,"href":"https:\/\/brazzashop.com\/en\/wp-json\/wp\/v2\/media\/32423"}],"wp:attachment":[{"href":"https:\/\/brazzashop.com\/en\/wp-json\/wp\/v2\/media?parent=32424"}],"wp:term":[{"taxonomy":"product_brand","embeddable":true,"href":"https:\/\/brazzashop.com\/en\/wp-json\/wp\/v2\/product_brand?post=32424"},{"taxonomy":"product_cat","embeddable":true,"href":"https:\/\/brazzashop.com\/en\/wp-json\/wp\/v2\/product_cat?post=32424"},{"taxonomy":"product_tag","embeddable":true,"href":"https:\/\/brazzashop.com\/en\/wp-json\/wp\/v2\/product_tag?post=32424"}],"curies":[{"name":"wp","href":"https:\/\/api.w.org\/{rel}","templated":true}]}}