{"id":32422,"date":"2026-05-07T23:24:50","date_gmt":"2026-05-07T23:24:50","guid":{"rendered":"https:\/\/brazzashop.com\/product\/minhas-100-primeiras-palavras-fisher-price-livro-infantil-educativo\/"},"modified":"2026-05-11T18:15:29","modified_gmt":"2026-05-11T18:15:29","slug":"minhas-100-primeiras-palavras-fisher-price-livro-infantil-educativo","status":"publish","type":"product","link":"https:\/\/brazzashop.com\/en\/product\/minhas-100-primeiras-palavras-fisher-price-livro-infantil-educativo\/","title":{"rendered":"Minhas 100 Primeiras Palavras \u2013 Fisher-Price | Livro Infantil Educativo"},"content":{"rendered":"<p><span>O livro <\/span><span style=\"font-family: TimesNewRomanPS-ItalicMT;font-style: italic\">Minhas 100 Primeiras Palavras \u2013 Fisher-Price<\/span><span> ajuda as crian\u00e7as a aprenderem novas palavras de forma leve, divertida e visual. Com ilustra\u00e7\u00f5es coloridas, p\u00e1ginas resistentes e temas do dia a dia, ele estimula a curiosidade, a associa\u00e7\u00e3o de imagens e o desenvolvimento infantil desde cedo.<\/span><\/p>\n<p><span><\/span><\/p>\n<p><span>Perfeito para os primeiros aprendizados, momentos em fam\u00edlia e crian\u00e7as que est\u00e3o come\u00e7ando a descobrir o mundo das palavras.<\/span><\/p>\n<p><span><br \/><\/span><\/p>","protected":false},"excerpt":{"rendered":"<p><span>Livro infantil educativo da Fisher-Price com palavras simples, ilustra\u00e7\u00f5es coloridas e aprendizado divertido para os pequenos.<\/span><\/p>\n<p><span><br \/><\/span><\/p>","protected":false},"featured_media":32421,"comment_status":"open","ping_status":"closed","template":"","meta":{"_acf_changed":false},"product_brand":[],"product_cat":[51],"product_tag":[1191],"class_list":{"0":"post-32422","1":"product","2":"type-product","3":"status-publish","4":"has-post-thumbnail","6":"product_cat-livros","7":"product_tag-local","9":"first","10":"instock","11":"taxable","12":"shipping-taxable","13":"purchasable","14":"product-type-simple"},"acf":[],"jetpack_sharing_enabled":true,"_links":{"self":[{"href":"https:\/\/brazzashop.com\/en\/wp-json\/wp\/v2\/product\/32422","targetHints":{"allow":["GET"]}}],"collection":[{"href":"https:\/\/brazzashop.com\/en\/wp-json\/wp\/v2\/product"}],"about":[{"href":"https:\/\/brazzashop.com\/en\/wp-json\/wp\/v2\/types\/product"}],"replies":[{"embeddable":true,"href":"https:\/\/brazzashop.com\/en\/wp-json\/wp\/v2\/comments?post=32422"}],"version-history":[{"count":0,"href":"https:\/\/brazzashop.com\/en\/wp-json\/wp\/v2\/product\/32422\/revisions"}],"wp:featuredmedia":[{"embeddable":true,"href":"https:\/\/brazzashop.com\/en\/wp-json\/wp\/v2\/media\/32421"}],"wp:attachment":[{"href":"https:\/\/brazzashop.com\/en\/wp-json\/wp\/v2\/media?parent=32422"}],"wp:term":[{"taxonomy":"product_brand","embeddable":true,"href":"https:\/\/brazzashop.com\/en\/wp-json\/wp\/v2\/product_brand?post=32422"},{"taxonomy":"product_cat","embeddable":true,"href":"https:\/\/brazzashop.com\/en\/wp-json\/wp\/v2\/product_cat?post=32422"},{"taxonomy":"product_tag","embeddable":true,"href":"https:\/\/brazzashop.com\/en\/wp-json\/wp\/v2\/product_tag?post=32422"}],"curies":[{"name":"wp","href":"https:\/\/api.w.org\/{rel}","templated":true}]}}