{"id":32420,"date":"2026-05-07T23:22:21","date_gmt":"2026-05-07T23:22:21","guid":{"rendered":"https:\/\/brazzashop.com\/product\/3-palavrinhas-biblia-para-criancas-livro-infantil-cristao\/"},"modified":"2026-05-07T23:22:21","modified_gmt":"2026-05-07T23:22:21","slug":"3-palavrinhas-biblia-para-criancas-livro-infantil-cristao","status":"publish","type":"product","link":"https:\/\/brazzashop.com\/en\/product\/3-palavrinhas-biblia-para-criancas-livro-infantil-cristao\/","title":{"rendered":"3 Palavrinhas \u2013 B\u00edblia para Crian\u00e7as | Livro Infantil Crist\u00e3o"},"content":{"rendered":"<p><span>A <\/span><span style=\"font-family: TimesNewRomanPS-ItalicMT;font-style: italic\">B\u00edblia para Crian\u00e7as \u2013 3 Palavrinhas<\/span><span> traz hist\u00f3rias b\u00edblicas de forma divertida, leve e encantadora para os pequenos. Com personagens queridos, p\u00e1ginas coloridas e lindas ilustra\u00e7\u00f5es, o livro ajuda a tornar os momentos de leitura ainda mais especiais.<\/span><\/p>\n<p><span><\/span><\/p>\n<p><span>Ideal para crian\u00e7as que est\u00e3o come\u00e7ando a conhecer as hist\u00f3rias da B\u00edblia, incentivando a imagina\u00e7\u00e3o, a leitura e momentos em fam\u00edlia com uma edi\u00e7\u00e3o infantil cheia de cor e carinho.<\/span><\/p>\n<p><span><br \/><\/span><\/p>","protected":false},"excerpt":{"rendered":"<p><span>Livro infantil crist\u00e3o do 3 Palavrinhas com hist\u00f3rias b\u00edblicas, ilustra\u00e7\u00f5es coloridas e ensinamentos especiais para as crian\u00e7as.<\/span><\/p>\n<p><span><br \/><\/span><\/p>","protected":false},"featured_media":32419,"comment_status":"open","ping_status":"closed","template":"","meta":{"_acf_changed":false},"product_brand":[],"product_cat":[51],"product_tag":[1191],"class_list":{"0":"post-32420","1":"product","2":"type-product","3":"status-publish","4":"has-post-thumbnail","6":"product_cat-livros","7":"product_tag-local","9":"first","10":"instock","11":"taxable","12":"shipping-taxable","13":"purchasable","14":"product-type-simple"},"acf":[],"jetpack_sharing_enabled":true,"_links":{"self":[{"href":"https:\/\/brazzashop.com\/en\/wp-json\/wp\/v2\/product\/32420","targetHints":{"allow":["GET"]}}],"collection":[{"href":"https:\/\/brazzashop.com\/en\/wp-json\/wp\/v2\/product"}],"about":[{"href":"https:\/\/brazzashop.com\/en\/wp-json\/wp\/v2\/types\/product"}],"replies":[{"embeddable":true,"href":"https:\/\/brazzashop.com\/en\/wp-json\/wp\/v2\/comments?post=32420"}],"version-history":[{"count":0,"href":"https:\/\/brazzashop.com\/en\/wp-json\/wp\/v2\/product\/32420\/revisions"}],"wp:featuredmedia":[{"embeddable":true,"href":"https:\/\/brazzashop.com\/en\/wp-json\/wp\/v2\/media\/32419"}],"wp:attachment":[{"href":"https:\/\/brazzashop.com\/en\/wp-json\/wp\/v2\/media?parent=32420"}],"wp:term":[{"taxonomy":"product_brand","embeddable":true,"href":"https:\/\/brazzashop.com\/en\/wp-json\/wp\/v2\/product_brand?post=32420"},{"taxonomy":"product_cat","embeddable":true,"href":"https:\/\/brazzashop.com\/en\/wp-json\/wp\/v2\/product_cat?post=32420"},{"taxonomy":"product_tag","embeddable":true,"href":"https:\/\/brazzashop.com\/en\/wp-json\/wp\/v2\/product_tag?post=32420"}],"curies":[{"name":"wp","href":"https:\/\/api.w.org\/{rel}","templated":true}]}}