{"id":32418,"date":"2026-05-07T23:18:56","date_gmt":"2026-05-07T23:18:56","guid":{"rendered":"https:\/\/brazzashop.com\/product\/biblia-infantil-letras-grandes-livro-infantil-cristao\/"},"modified":"2026-05-07T23:18:56","modified_gmt":"2026-05-07T23:18:56","slug":"biblia-infantil-letras-grandes-livro-infantil-cristao","status":"publish","type":"product","link":"https:\/\/brazzashop.com\/en\/product\/biblia-infantil-letras-grandes-livro-infantil-cristao\/","title":{"rendered":"B\u00edblia Infantil Letras Grandes \u2013 Livro Infantil Crist\u00e3o"},"content":{"rendered":"<p><span>A <\/span><span style=\"font-family: TimesNewRomanPS-ItalicMT;font-style: italic\">B\u00edblia Infantil Letras Grandes<\/span><span> foi criada para apresentar \u00e0s crian\u00e7as hist\u00f3rias b\u00edblicas de forma encantadora e f\u00e1cil de acompanhar. Com letras maiores e belas ilustra\u00e7\u00f5es, o livro proporciona momentos especiais de leitura, aprendizado e f\u00e9 em fam\u00edlia.<\/span><\/p>\n<p><span><\/span><\/p>\n<p><span>Ideal para incentivar o h\u00e1bito da leitura desde cedo, trazendo hist\u00f3rias marcantes da B\u00edblia em uma edi\u00e7\u00e3o infantil delicada, colorida e cheia de significado.<\/span><\/p>\n<p><span><br \/><\/span><\/p>","protected":false},"excerpt":{"rendered":"<p><span>B\u00edblia infantil com letras grandes, lindas ilustra\u00e7\u00f5es e hist\u00f3rias inspiradoras para tornar a leitura mais leve e especial para as crian\u00e7as.<\/span><\/p>\n<p><span><br \/><\/span><\/p>","protected":false},"featured_media":32416,"comment_status":"open","ping_status":"closed","template":"","meta":{"_acf_changed":false},"product_brand":[],"product_cat":[51],"product_tag":[1191],"class_list":{"0":"post-32418","1":"product","2":"type-product","3":"status-publish","4":"has-post-thumbnail","6":"product_cat-livros","7":"product_tag-local","9":"first","10":"instock","11":"taxable","12":"shipping-taxable","13":"purchasable","14":"product-type-simple"},"acf":[],"jetpack_sharing_enabled":true,"_links":{"self":[{"href":"https:\/\/brazzashop.com\/en\/wp-json\/wp\/v2\/product\/32418","targetHints":{"allow":["GET"]}}],"collection":[{"href":"https:\/\/brazzashop.com\/en\/wp-json\/wp\/v2\/product"}],"about":[{"href":"https:\/\/brazzashop.com\/en\/wp-json\/wp\/v2\/types\/product"}],"replies":[{"embeddable":true,"href":"https:\/\/brazzashop.com\/en\/wp-json\/wp\/v2\/comments?post=32418"}],"version-history":[{"count":0,"href":"https:\/\/brazzashop.com\/en\/wp-json\/wp\/v2\/product\/32418\/revisions"}],"wp:featuredmedia":[{"embeddable":true,"href":"https:\/\/brazzashop.com\/en\/wp-json\/wp\/v2\/media\/32416"}],"wp:attachment":[{"href":"https:\/\/brazzashop.com\/en\/wp-json\/wp\/v2\/media?parent=32418"}],"wp:term":[{"taxonomy":"product_brand","embeddable":true,"href":"https:\/\/brazzashop.com\/en\/wp-json\/wp\/v2\/product_brand?post=32418"},{"taxonomy":"product_cat","embeddable":true,"href":"https:\/\/brazzashop.com\/en\/wp-json\/wp\/v2\/product_cat?post=32418"},{"taxonomy":"product_tag","embeddable":true,"href":"https:\/\/brazzashop.com\/en\/wp-json\/wp\/v2\/product_tag?post=32418"}],"curies":[{"name":"wp","href":"https:\/\/api.w.org\/{rel}","templated":true}]}}