{"id":32415,"date":"2026-05-07T23:14:07","date_gmt":"2026-05-07T23:14:07","guid":{"rendered":"https:\/\/brazzashop.com\/product\/oracoes-dos-pequenos-coracoes-livro-infantil-cristao\/"},"modified":"2026-05-07T23:14:07","modified_gmt":"2026-05-07T23:14:07","slug":"oracoes-dos-pequenos-coracoes-livro-infantil-cristao","status":"publish","type":"product","link":"https:\/\/brazzashop.com\/en\/product\/oracoes-dos-pequenos-coracoes-livro-infantil-cristao\/","title":{"rendered":"Ora\u00e7\u00f5es dos Pequenos Cora\u00e7\u00f5es \u2013 Livro Infantil Crist\u00e3o"},"content":{"rendered":"<p><span style=\"font-family: TimesNewRomanPS-ItalicMT;font-style: italic\">Ora\u00e7\u00f5es dos Pequenos Cora\u00e7\u00f5es<\/span><span> \u00e9 um livro infantil crist\u00e3o com ilustra\u00e7\u00f5es encantadoras e uma proposta delicada para aproximar as crian\u00e7as de momentos de ora\u00e7\u00e3o. Um livrinho bonito, colorido e especial para leitura em fam\u00edlia, antes de dormir ou para presentear crian\u00e7as com uma mensagem de f\u00e9 e carinho.<\/span><\/p>\n<p><span><br \/><\/span><\/p>","protected":false},"excerpt":{"rendered":"<p><span>Livro infantil crist\u00e3o com ora\u00e7\u00f5es delicadas e mensagens de f\u00e9, amor e carinho para crian\u00e7as.<\/span><\/p>\n<p><span><br \/><\/span><\/p>\n<p><span><br \/><\/span><\/p>","protected":false},"featured_media":32414,"comment_status":"open","ping_status":"closed","template":"","meta":{"_acf_changed":false},"product_brand":[],"product_cat":[51],"product_tag":[],"class_list":{"0":"post-32415","1":"product","2":"type-product","3":"status-publish","4":"has-post-thumbnail","6":"product_cat-livros","8":"first","9":"instock","10":"taxable","11":"shipping-taxable","12":"purchasable","13":"product-type-simple"},"acf":[],"jetpack_sharing_enabled":true,"_links":{"self":[{"href":"https:\/\/brazzashop.com\/en\/wp-json\/wp\/v2\/product\/32415","targetHints":{"allow":["GET"]}}],"collection":[{"href":"https:\/\/brazzashop.com\/en\/wp-json\/wp\/v2\/product"}],"about":[{"href":"https:\/\/brazzashop.com\/en\/wp-json\/wp\/v2\/types\/product"}],"replies":[{"embeddable":true,"href":"https:\/\/brazzashop.com\/en\/wp-json\/wp\/v2\/comments?post=32415"}],"version-history":[{"count":0,"href":"https:\/\/brazzashop.com\/en\/wp-json\/wp\/v2\/product\/32415\/revisions"}],"wp:featuredmedia":[{"embeddable":true,"href":"https:\/\/brazzashop.com\/en\/wp-json\/wp\/v2\/media\/32414"}],"wp:attachment":[{"href":"https:\/\/brazzashop.com\/en\/wp-json\/wp\/v2\/media?parent=32415"}],"wp:term":[{"taxonomy":"product_brand","embeddable":true,"href":"https:\/\/brazzashop.com\/en\/wp-json\/wp\/v2\/product_brand?post=32415"},{"taxonomy":"product_cat","embeddable":true,"href":"https:\/\/brazzashop.com\/en\/wp-json\/wp\/v2\/product_cat?post=32415"},{"taxonomy":"product_tag","embeddable":true,"href":"https:\/\/brazzashop.com\/en\/wp-json\/wp\/v2\/product_tag?post=32415"}],"curies":[{"name":"wp","href":"https:\/\/api.w.org\/{rel}","templated":true}]}}