{"id":32412,"date":"2026-05-07T23:05:55","date_gmt":"2026-05-07T23:05:55","guid":{"rendered":"https:\/\/brazzashop.com\/product\/365-historias-biblicas-narradas-com-carinho-livro-infantil-cristao\/"},"modified":"2026-05-07T23:05:55","modified_gmt":"2026-05-07T23:05:55","slug":"365-historias-biblicas-narradas-com-carinho-livro-infantil-cristao","status":"publish","type":"product","link":"https:\/\/brazzashop.com\/en\/product\/365-historias-biblicas-narradas-com-carinho-livro-infantil-cristao\/","title":{"rendered":"365 Hist\u00f3rias B\u00edblicas Narradas com Carinho \u2013 Livro Infantil Crist\u00e3o"},"content":{"rendered":"<p><span>O livro <\/span><span style=\"font-family: TimesNewRomanPS-ItalicMT;font-style: italic\">365 Hist\u00f3rias B\u00edblicas Narradas com Carinho<\/span><span> traz hist\u00f3rias inspiradoras da B\u00edblia contadas de forma simples, divertida e emocionante para as crian\u00e7as. Com lindas ilustra\u00e7\u00f5es coloridas e personagens marcantes, cada hist\u00f3ria ajuda os pequenos a aprenderem valores como f\u00e9, bondade, amor e gratid\u00e3o.<\/span><\/p>\n<p><span><\/span><\/p>\n<p><span>Perfeito para momentos em fam\u00edlia, leitura antes de dormir e aprendizado di\u00e1rio com Deus. Um livro encantador para tornar cada dia do ano ainda mais especial.<\/span><\/p>\n<p><span><br \/><\/span><\/p>","protected":false},"excerpt":{"rendered":"<p><span>Livro infantil crist\u00e3o com 365 hist\u00f3rias b\u00edblicas cheias de f\u00e9, amor e ensinamentos especiais para acompanhar as crian\u00e7as todos os dias do ano.<\/span><\/p>\n<p><span><br \/><\/span><\/p>","protected":false},"featured_media":32410,"comment_status":"open","ping_status":"closed","template":"","meta":{"_acf_changed":false},"product_brand":[],"product_cat":[51],"product_tag":[1191],"class_list":{"0":"post-32412","1":"product","2":"type-product","3":"status-publish","4":"has-post-thumbnail","6":"product_cat-livros","7":"product_tag-local","9":"first","10":"instock","11":"taxable","12":"shipping-taxable","13":"purchasable","14":"product-type-simple"},"acf":[],"jetpack_sharing_enabled":true,"_links":{"self":[{"href":"https:\/\/brazzashop.com\/en\/wp-json\/wp\/v2\/product\/32412","targetHints":{"allow":["GET"]}}],"collection":[{"href":"https:\/\/brazzashop.com\/en\/wp-json\/wp\/v2\/product"}],"about":[{"href":"https:\/\/brazzashop.com\/en\/wp-json\/wp\/v2\/types\/product"}],"replies":[{"embeddable":true,"href":"https:\/\/brazzashop.com\/en\/wp-json\/wp\/v2\/comments?post=32412"}],"version-history":[{"count":0,"href":"https:\/\/brazzashop.com\/en\/wp-json\/wp\/v2\/product\/32412\/revisions"}],"wp:featuredmedia":[{"embeddable":true,"href":"https:\/\/brazzashop.com\/en\/wp-json\/wp\/v2\/media\/32410"}],"wp:attachment":[{"href":"https:\/\/brazzashop.com\/en\/wp-json\/wp\/v2\/media?parent=32412"}],"wp:term":[{"taxonomy":"product_brand","embeddable":true,"href":"https:\/\/brazzashop.com\/en\/wp-json\/wp\/v2\/product_brand?post=32412"},{"taxonomy":"product_cat","embeddable":true,"href":"https:\/\/brazzashop.com\/en\/wp-json\/wp\/v2\/product_cat?post=32412"},{"taxonomy":"product_tag","embeddable":true,"href":"https:\/\/brazzashop.com\/en\/wp-json\/wp\/v2\/product_tag?post=32412"}],"curies":[{"name":"wp","href":"https:\/\/api.w.org\/{rel}","templated":true}]}}