{"id":32408,"date":"2026-05-07T23:02:08","date_gmt":"2026-05-07T23:02:08","guid":{"rendered":"https:\/\/brazzashop.com\/product\/oracoes-para-meninas-livro-infantil-cristao-ilustrado\/"},"modified":"2026-05-07T23:02:08","modified_gmt":"2026-05-07T23:02:08","slug":"oracoes-para-meninas-livro-infantil-cristao-ilustrado","status":"publish","type":"product","link":"https:\/\/brazzashop.com\/en\/product\/oracoes-para-meninas-livro-infantil-cristao-ilustrado\/","title":{"rendered":"Ora\u00e7\u00f5es para Meninas \u2013 Livro Infantil Crist\u00e3o Ilustrado"},"content":{"rendered":"<p><span>O livro <\/span><span style=\"font-family: TimesNewRomanPS-ItalicMT;font-style: italic\">Ora\u00e7\u00f5es para Meninas<\/span><span> foi criado para aproximar as crian\u00e7as da f\u00e9 de maneira leve, doce e divertida. Com lindas ilustra\u00e7\u00f5es, p\u00e1ginas resistentes e mensagens inspiradoras, ele ajuda as pequenas a aprenderem sobre amor, gratid\u00e3o, prote\u00e7\u00e3o e amizade com Deus desde cedo.<\/span><\/p>\n<p><span><\/span><\/p>\n<p><span>Perfeito para leitura antes de dormir, momentos em fam\u00edlia ou presentear algu\u00e9m especial. Um livro infantil crist\u00e3o cheio de carinho e ensinamentos para aquecer o cora\u00e7\u00e3o das meninas.<\/span><\/p>\n<p><span><br \/><\/span><\/p>","protected":false},"excerpt":{"rendered":"<p style=\"margin: 0px;font-style: normal;font-size: 12px;line-height: normal;font-family: Helvetica\">Para conversar com Deus, n\u00e3o h\u00e1 hora nem lugar.<\/p>\n<p style=\"margin: 0px;font-style: normal;font-size: 12px;line-height: normal;font-family: Helvetica\">Ele est\u00e1 ao nosso lado o tempo todo!<\/p>\n<p style=\"margin: 0px;font-style: normal;font-size: 12px;line-height: normal;font-family: Helvetica\">Abra este livro e aprenda um pouco mais sobre o grande amor de Deus e como Ele gosta de ouvir a sua ora\u00e7\u00e3o.<\/p>","protected":false},"featured_media":32407,"comment_status":"open","ping_status":"closed","template":"","meta":{"_acf_changed":false},"product_brand":[],"product_cat":[51],"product_tag":[1191],"class_list":{"0":"post-32408","1":"product","2":"type-product","3":"status-publish","4":"has-post-thumbnail","6":"product_cat-livros","7":"product_tag-local","9":"first","10":"instock","11":"taxable","12":"shipping-taxable","13":"purchasable","14":"product-type-simple"},"acf":[],"jetpack_sharing_enabled":true,"_links":{"self":[{"href":"https:\/\/brazzashop.com\/en\/wp-json\/wp\/v2\/product\/32408","targetHints":{"allow":["GET"]}}],"collection":[{"href":"https:\/\/brazzashop.com\/en\/wp-json\/wp\/v2\/product"}],"about":[{"href":"https:\/\/brazzashop.com\/en\/wp-json\/wp\/v2\/types\/product"}],"replies":[{"embeddable":true,"href":"https:\/\/brazzashop.com\/en\/wp-json\/wp\/v2\/comments?post=32408"}],"version-history":[{"count":0,"href":"https:\/\/brazzashop.com\/en\/wp-json\/wp\/v2\/product\/32408\/revisions"}],"wp:featuredmedia":[{"embeddable":true,"href":"https:\/\/brazzashop.com\/en\/wp-json\/wp\/v2\/media\/32407"}],"wp:attachment":[{"href":"https:\/\/brazzashop.com\/en\/wp-json\/wp\/v2\/media?parent=32408"}],"wp:term":[{"taxonomy":"product_brand","embeddable":true,"href":"https:\/\/brazzashop.com\/en\/wp-json\/wp\/v2\/product_brand?post=32408"},{"taxonomy":"product_cat","embeddable":true,"href":"https:\/\/brazzashop.com\/en\/wp-json\/wp\/v2\/product_cat?post=32408"},{"taxonomy":"product_tag","embeddable":true,"href":"https:\/\/brazzashop.com\/en\/wp-json\/wp\/v2\/product_tag?post=32408"}],"curies":[{"name":"wp","href":"https:\/\/api.w.org\/{rel}","templated":true}]}}