{"id":32392,"date":"2026-04-18T03:28:38","date_gmt":"2026-04-18T03:28:38","guid":{"rendered":"https:\/\/brazzashop.com\/product\/terco-pulseira-sao-bento-perola-importado-do-brasil-3\/"},"modified":"2026-04-18T03:28:38","modified_gmt":"2026-04-18T03:28:38","slug":"terco-pulseira-sao-bento-perola-importado-do-brasil-3","status":"publish","type":"product","link":"https:\/\/brazzashop.com\/en\/product\/terco-pulseira-sao-bento-perola-importado-do-brasil-3\/","title":{"rendered":"Ter\u00e7o Pulseira S\u00e3o Bento P\u00e9rola &#8211; Importado do Brasil"},"content":{"rendered":"<p>Ter\u00e7o Pulseira S\u00e3o Bento P\u00e9rola Amarela artesanal, importado do Brasil, perfeito para unir devo\u00e7\u00e3o e sofistica\u00e7\u00e3o no dia a dia.<\/p>\n<p><\/p>\n<p>Confeccionado com contas de p\u00e9rola sint\u00e9tica dourada que trazem brilho e destaque \u00e0 pe\u00e7a. O design \u00e9 valorizado pelo contraste com o crucifixo e a medalha de S\u00e3o Bento em a\u00e7o inoxid\u00e1vel, ambos com detalhes em alto relevo.<\/p>\n<p><\/p>\n<p>Montagem feita em cord\u00e3o branco resistente com fecho mosquet\u00e3o em a\u00e7o inoxid\u00e1vel, garantindo seguran\u00e7a, durabilidade e mantendo o brilho mesmo com o uso frequente.<\/p>\n<p><\/p>\n<p>Ideal para ora\u00e7\u00e3o pessoal, para presentear ou para quem deseja carregar a prote\u00e7\u00e3o de S\u00e3o Bento com um toque de eleg\u00e2ncia.<\/p>\n<p><\/p>\n<p>*Detalhes:* \u00a0<\/p>\n<p>&#8211; *Material*: Contas de p\u00e9rola sint\u00e9tica dourada + medalha, crucifixo e fecho em a\u00e7o inoxid\u00e1vel \u00a0<\/p>\n<p>&#8211; *Acabamento*: Cord\u00e3o branco com n\u00f3 refor\u00e7ado \u00a0<\/p>\n<p>&#8211; *Origem*: Importado do Brasil \u00a0<\/p>\n<p>&#8211; *Produ\u00e7\u00e3o*: Artesanal, feito \u00e0 m\u00e3o<\/p>","protected":false},"excerpt":{"rendered":"<p>Ter\u00e7o Pulseira S\u00e3o Bento com contas de p\u00e9rola dourada. Medalha de S\u00e3o Bento e crucifixo em a\u00e7o inoxid\u00e1vel. Fecho mosquet\u00e3o em a\u00e7o inoxid\u00e1vel. Produto importado do Brasil. Feito \u00e0 m\u00e3o.<br data-mce-bogus=\"1\"><\/p>","protected":false},"featured_media":32389,"comment_status":"open","ping_status":"closed","template":"","meta":{"_acf_changed":false},"product_brand":[],"product_cat":[44,1210],"product_tag":[1191],"class_list":{"0":"post-32392","1":"product","2":"type-product","3":"status-publish","4":"has-post-thumbnail","6":"product_cat-acessorios","7":"product_cat-joias-e-semi-joias","8":"product_tag-local","10":"first","11":"instock","12":"taxable","13":"shipping-taxable","14":"purchasable","15":"product-type-simple"},"acf":[],"jetpack_sharing_enabled":true,"_links":{"self":[{"href":"https:\/\/brazzashop.com\/en\/wp-json\/wp\/v2\/product\/32392","targetHints":{"allow":["GET"]}}],"collection":[{"href":"https:\/\/brazzashop.com\/en\/wp-json\/wp\/v2\/product"}],"about":[{"href":"https:\/\/brazzashop.com\/en\/wp-json\/wp\/v2\/types\/product"}],"replies":[{"embeddable":true,"href":"https:\/\/brazzashop.com\/en\/wp-json\/wp\/v2\/comments?post=32392"}],"version-history":[{"count":0,"href":"https:\/\/brazzashop.com\/en\/wp-json\/wp\/v2\/product\/32392\/revisions"}],"wp:featuredmedia":[{"embeddable":true,"href":"https:\/\/brazzashop.com\/en\/wp-json\/wp\/v2\/media\/32389"}],"wp:attachment":[{"href":"https:\/\/brazzashop.com\/en\/wp-json\/wp\/v2\/media?parent=32392"}],"wp:term":[{"taxonomy":"product_brand","embeddable":true,"href":"https:\/\/brazzashop.com\/en\/wp-json\/wp\/v2\/product_brand?post=32392"},{"taxonomy":"product_cat","embeddable":true,"href":"https:\/\/brazzashop.com\/en\/wp-json\/wp\/v2\/product_cat?post=32392"},{"taxonomy":"product_tag","embeddable":true,"href":"https:\/\/brazzashop.com\/en\/wp-json\/wp\/v2\/product_tag?post=32392"}],"curies":[{"name":"wp","href":"https:\/\/api.w.org\/{rel}","templated":true}]}}