{"id":32385,"date":"2026-04-18T02:55:58","date_gmt":"2026-04-18T02:55:58","guid":{"rendered":"https:\/\/brazzashop.com\/product\/terco-pulseira-sao-bento-perola-importado-do-brasil\/"},"modified":"2026-04-18T02:55:58","modified_gmt":"2026-04-18T02:55:58","slug":"terco-pulseira-sao-bento-perola-importado-do-brasil","status":"publish","type":"product","link":"https:\/\/brazzashop.com\/en\/product\/terco-pulseira-sao-bento-perola-importado-do-brasil\/","title":{"rendered":"Ter\u00e7o Pulseira S\u00e3o Bento P\u00e9rola &#8211; Importado do Brasil"},"content":{"rendered":"<p><br data-mce-bogus=\"1\"><\/p>","protected":false},"excerpt":{"rendered":"<p>Ter\u00e7o Pulseira S\u00e3o Bento com contas de p\u00e9rola. Medalha de S\u00e3o Bento e crucifixo em a\u00e7o inoxid\u00e1vel. Fecho mosquet\u00e3o em a\u00e7o inoxid\u00e1vel. Produto importado do Brasil. Feito \u00e0 m\u00e3o.<br data-mce-bogus=\"1\"><\/p>","protected":false},"featured_media":32382,"comment_status":"open","ping_status":"closed","template":"","meta":{"_acf_changed":false},"product_brand":[],"product_cat":[44,1210],"product_tag":[1191],"class_list":{"0":"post-32385","1":"product","2":"type-product","3":"status-publish","4":"has-post-thumbnail","6":"product_cat-acessorios","7":"product_cat-joias-e-semi-joias","8":"product_tag-local","10":"first","11":"instock","12":"taxable","13":"shipping-taxable","14":"purchasable","15":"product-type-simple"},"acf":[],"jetpack_sharing_enabled":true,"_links":{"self":[{"href":"https:\/\/brazzashop.com\/en\/wp-json\/wp\/v2\/product\/32385","targetHints":{"allow":["GET"]}}],"collection":[{"href":"https:\/\/brazzashop.com\/en\/wp-json\/wp\/v2\/product"}],"about":[{"href":"https:\/\/brazzashop.com\/en\/wp-json\/wp\/v2\/types\/product"}],"replies":[{"embeddable":true,"href":"https:\/\/brazzashop.com\/en\/wp-json\/wp\/v2\/comments?post=32385"}],"version-history":[{"count":0,"href":"https:\/\/brazzashop.com\/en\/wp-json\/wp\/v2\/product\/32385\/revisions"}],"wp:featuredmedia":[{"embeddable":true,"href":"https:\/\/brazzashop.com\/en\/wp-json\/wp\/v2\/media\/32382"}],"wp:attachment":[{"href":"https:\/\/brazzashop.com\/en\/wp-json\/wp\/v2\/media?parent=32385"}],"wp:term":[{"taxonomy":"product_brand","embeddable":true,"href":"https:\/\/brazzashop.com\/en\/wp-json\/wp\/v2\/product_brand?post=32385"},{"taxonomy":"product_cat","embeddable":true,"href":"https:\/\/brazzashop.com\/en\/wp-json\/wp\/v2\/product_cat?post=32385"},{"taxonomy":"product_tag","embeddable":true,"href":"https:\/\/brazzashop.com\/en\/wp-json\/wp\/v2\/product_tag?post=32385"}],"curies":[{"name":"wp","href":"https:\/\/api.w.org\/{rel}","templated":true}]}}