{"id":32381,"date":"2026-04-18T02:35:27","date_gmt":"2026-04-18T02:35:27","guid":{"rendered":"https:\/\/brazzashop.com\/product\/terco-sao-bento-vermelho-importado-do-brasil\/"},"modified":"2026-04-18T02:35:27","modified_gmt":"2026-04-18T02:35:27","slug":"terco-sao-bento-vermelho-importado-do-brasil","status":"publish","type":"product","link":"https:\/\/brazzashop.com\/en\/product\/terco-sao-bento-vermelho-importado-do-brasil\/","title":{"rendered":"Ter\u00e7o S\u00e3o Bento Vermelho &#8211; Importado do Brasil"},"content":{"rendered":"<p>Ter\u00e7o S\u00e3o Bento Vermelho artesanal, importado do Brasil, com design marcante e cheio de simbolismo.<\/p>\n<p><\/p>\n<p>Confeccionado com contas vermelhas foscas que trazem um toque moderno e devocional \u00e0 pe\u00e7a. Os Pais-Nossos s\u00e3o representados por cruzes brancas, destacando cada dezena e valorizando o acabamento.<\/p>\n<p><\/p>\n<p>Acompanha medalha de S\u00e3o Bento e crucifixo em metal ouro velho, ambos com detalhes em alto relevo que refor\u00e7am a tradi\u00e7\u00e3o e a beleza da pe\u00e7a.<\/p>\n<p><\/p>\n<p>Montagem feita em cord\u00e3o marrom resistente com n\u00f3s refor\u00e7ados, garantindo durabilidade para o uso di\u00e1rio nas ora\u00e7\u00f5es.<\/p>\n<p><\/p>\n<p>Ideal para devo\u00e7\u00e3o pessoal, para presentear ou para quem busca a prote\u00e7\u00e3o de S\u00e3o Bento aliada a um ter\u00e7o de visual \u00fanico.<\/p>\n<p><\/p>\n<p>*Detalhes:* \u00a0<\/p>\n<p>&#8211; *Material*: Contas acr\u00edlicas foscas + medalha e crucifixo em metal ouro velho \u00a0<\/p>\n<p>&#8211; *Acabamento*: Cord\u00e3o marrom com n\u00f3s refor\u00e7ados \u00a0<\/p>\n<p>&#8211; *Origem*: Importado do Brasil \u00a0<\/p>\n<p>&#8211; *Produ\u00e7\u00e3o*: Artesanal, feito \u00e0 m\u00e3o<\/p>","protected":false},"excerpt":{"rendered":"<p>Ter\u00e7o S\u00e3o Bento com contas vermelhas foscas e cruzes brancas. Medalha de S\u00e3o Bento e crucifixo em metal ouro velho. Acabamento em cord\u00e3o marrom com n\u00f3s refor\u00e7ados. Produto importado do Brasil. Feito \u00e0 m\u00e3o.<br data-mce-bogus=\"1\"><\/p>","protected":false},"featured_media":32379,"comment_status":"open","ping_status":"closed","template":"","meta":{"_acf_changed":false},"product_brand":[],"product_cat":[44,1210],"product_tag":[1191],"class_list":{"0":"post-32381","1":"product","2":"type-product","3":"status-publish","4":"has-post-thumbnail","6":"product_cat-acessorios","7":"product_cat-joias-e-semi-joias","8":"product_tag-local","10":"first","11":"instock","12":"taxable","13":"shipping-taxable","14":"purchasable","15":"product-type-simple"},"acf":[],"jetpack_sharing_enabled":true,"_links":{"self":[{"href":"https:\/\/brazzashop.com\/en\/wp-json\/wp\/v2\/product\/32381","targetHints":{"allow":["GET"]}}],"collection":[{"href":"https:\/\/brazzashop.com\/en\/wp-json\/wp\/v2\/product"}],"about":[{"href":"https:\/\/brazzashop.com\/en\/wp-json\/wp\/v2\/types\/product"}],"replies":[{"embeddable":true,"href":"https:\/\/brazzashop.com\/en\/wp-json\/wp\/v2\/comments?post=32381"}],"version-history":[{"count":0,"href":"https:\/\/brazzashop.com\/en\/wp-json\/wp\/v2\/product\/32381\/revisions"}],"wp:featuredmedia":[{"embeddable":true,"href":"https:\/\/brazzashop.com\/en\/wp-json\/wp\/v2\/media\/32379"}],"wp:attachment":[{"href":"https:\/\/brazzashop.com\/en\/wp-json\/wp\/v2\/media?parent=32381"}],"wp:term":[{"taxonomy":"product_brand","embeddable":true,"href":"https:\/\/brazzashop.com\/en\/wp-json\/wp\/v2\/product_brand?post=32381"},{"taxonomy":"product_cat","embeddable":true,"href":"https:\/\/brazzashop.com\/en\/wp-json\/wp\/v2\/product_cat?post=32381"},{"taxonomy":"product_tag","embeddable":true,"href":"https:\/\/brazzashop.com\/en\/wp-json\/wp\/v2\/product_tag?post=32381"}],"curies":[{"name":"wp","href":"https:\/\/api.w.org\/{rel}","templated":true}]}}