{"id":32375,"date":"2026-04-18T02:13:15","date_gmt":"2026-04-18T02:13:15","guid":{"rendered":"https:\/\/brazzashop.com\/product\/terco-pulseira-sao-bento-madeira-importado-do-brasil\/"},"modified":"2026-04-18T02:13:15","modified_gmt":"2026-04-18T02:13:15","slug":"terco-pulseira-sao-bento-madeira-importado-do-brasil","status":"publish","type":"product","link":"https:\/\/brazzashop.com\/en\/product\/terco-pulseira-sao-bento-madeira-importado-do-brasil\/","title":{"rendered":"Ter\u00e7o Pulseira S\u00e3o Bento Madeira &#8211; Importado do Brasil"},"content":{"rendered":"<p>Ter\u00e7o Pulseira S\u00e3o Bento artesanal, importado do Brasil, ideal para carregar a prote\u00e7\u00e3o no dia a dia.<\/p>\n<p><\/p>\n<p>Confeccionado com contas de madeira natural, trazendo leveza e um toque r\u00fastico \u00e0 pe\u00e7a. A medalha de S\u00e3o Bento e o crucifixo em a\u00e7o inoxid\u00e1vel garantem durabilidade e acabamento refinado, mantendo a beleza mesmo com o uso constante.<\/p>\n<p><\/p>\n<p>Montagem feita em cord\u00e3o preto resistente, com n\u00f3s firmes que valorizam o formato tradicional do ter\u00e7o em vers\u00e3o pulseira.<\/p>\n<p><\/p>\n<p>Perfeito para ora\u00e7\u00e3o pessoal, para presentear ou para quem deseja ter sempre por perto a medalha de S\u00e3o Bento, s\u00edmbolo de f\u00e9 e prote\u00e7\u00e3o.<\/p>\n<p><\/p>\n<p>*Detalhes:* \u00a0<\/p>\n<p>&#8211; *Material*: Contas de madeira + medalha e crucifixo em a\u00e7o inoxid\u00e1vel \u00a0<\/p>\n<p>&#8211; *Acabamento*: Cord\u00e3o preto com n\u00f3s refor\u00e7ados \u00a0<\/p>\n<p>&#8211; *Origem*: Importado do Brasil \u00a0<\/p>\n<p>&#8211; *Produ\u00e7\u00e3o*: Artesanal, feito \u00e0 m\u00e3o<\/p>","protected":false},"excerpt":{"rendered":"<p>Ter\u00e7o Pulseira S\u00e3o Bento com contas de madeira. Medalha de S\u00e3o Bento e crucifixo em a\u00e7o inoxid\u00e1vel. Acabamento em cord\u00e3o preto. Produto importado do Brasil. Feito \u00e0 m\u00e3o.<br data-mce-bogus=\"1\"><\/p>","protected":false},"featured_media":32373,"comment_status":"open","ping_status":"closed","template":"","meta":{"_acf_changed":false},"product_brand":[],"product_cat":[44,1210],"product_tag":[1191],"class_list":{"0":"post-32375","1":"product","2":"type-product","3":"status-publish","4":"has-post-thumbnail","6":"product_cat-acessorios","7":"product_cat-joias-e-semi-joias","8":"product_tag-local","10":"first","11":"instock","12":"taxable","13":"shipping-taxable","14":"purchasable","15":"product-type-simple"},"acf":[],"jetpack_sharing_enabled":true,"_links":{"self":[{"href":"https:\/\/brazzashop.com\/en\/wp-json\/wp\/v2\/product\/32375","targetHints":{"allow":["GET"]}}],"collection":[{"href":"https:\/\/brazzashop.com\/en\/wp-json\/wp\/v2\/product"}],"about":[{"href":"https:\/\/brazzashop.com\/en\/wp-json\/wp\/v2\/types\/product"}],"replies":[{"embeddable":true,"href":"https:\/\/brazzashop.com\/en\/wp-json\/wp\/v2\/comments?post=32375"}],"version-history":[{"count":0,"href":"https:\/\/brazzashop.com\/en\/wp-json\/wp\/v2\/product\/32375\/revisions"}],"wp:featuredmedia":[{"embeddable":true,"href":"https:\/\/brazzashop.com\/en\/wp-json\/wp\/v2\/media\/32373"}],"wp:attachment":[{"href":"https:\/\/brazzashop.com\/en\/wp-json\/wp\/v2\/media?parent=32375"}],"wp:term":[{"taxonomy":"product_brand","embeddable":true,"href":"https:\/\/brazzashop.com\/en\/wp-json\/wp\/v2\/product_brand?post=32375"},{"taxonomy":"product_cat","embeddable":true,"href":"https:\/\/brazzashop.com\/en\/wp-json\/wp\/v2\/product_cat?post=32375"},{"taxonomy":"product_tag","embeddable":true,"href":"https:\/\/brazzashop.com\/en\/wp-json\/wp\/v2\/product_tag?post=32375"}],"curies":[{"name":"wp","href":"https:\/\/api.w.org\/{rel}","templated":true}]}}