{"id":32368,"date":"2026-04-18T01:50:46","date_gmt":"2026-04-18T01:50:46","guid":{"rendered":"https:\/\/brazzashop.com\/product\/terco-nossa-senhora-das-gracas-rosas-importado-do-brasil\/"},"modified":"2026-04-18T01:50:46","modified_gmt":"2026-04-18T01:50:46","slug":"terco-nossa-senhora-das-gracas-rosas-importado-do-brasil","status":"publish","type":"product","link":"https:\/\/brazzashop.com\/en\/product\/terco-nossa-senhora-das-gracas-rosas-importado-do-brasil\/","title":{"rendered":"Ter\u00e7o Nossa Senhora das Gra\u00e7as Rosas &#8211; Importado do Brasil"},"content":{"rendered":"<p>Ter\u00e7o Nossa Senhora das Gra\u00e7as artesanal, importado do Brasil, com design delicado e cheio de significado.<\/p>\n<p><\/p>\n<p>Produzido com contas brancas e rosas vermelhas intercaladas, simbolizando pureza e amor. A montagem em cord\u00e3o branco com n\u00f3s refor\u00e7ados garante resist\u00eancia para o uso di\u00e1rio nas ora\u00e7\u00f5es.<\/p>\n<p><\/p>\n<p>Acompanha medalha detalhada de Nossa Senhora das Gra\u00e7as e crucifixo em metal, com acabamento que valoriza cada detalhe da pe\u00e7a.<\/p>\n<p><\/p>\n<p>Um ter\u00e7o elegante e feminino, perfeito para devo\u00e7\u00e3o pessoal, presentear em datas especiais ou completar seu momento de f\u00e9.<\/p>\n<p><\/p>\n<p>*Detalhes:* \u00a0<\/p>\n<p>&#8211; *Material*: Contas acr\u00edlicas + medalha e crucifixo em metal \u00a0<\/p>\n<p>&#8211; *Acabamento*: Cord\u00e3o branco com n\u00f3s refor\u00e7ados \u00a0<\/p>\n<p>&#8211; *Origem*: Importado do Brasil \u00a0<\/p>\n<p>&#8211; *Produ\u00e7\u00e3o*: Artesanal, feito \u00e0 m\u00e3o<\/p>","protected":false},"excerpt":{"rendered":"<p>Ter\u00e7o Nossa Senhora das Gra\u00e7as com contas brancas e rosas vermelhas intercaladas. Medalha detalhada e crucifixo em metal. Acabamento em cord\u00e3o branco com n\u00f3s refor\u00e7ados. Produto importado do Brasil. Feito \u00e0 m\u00e3o.<br data-mce-bogus=\"1\"><\/p>","protected":false},"featured_media":32363,"comment_status":"open","ping_status":"closed","template":"","meta":{"_acf_changed":false},"product_brand":[],"product_cat":[44,1210],"product_tag":[1191],"class_list":{"0":"post-32368","1":"product","2":"type-product","3":"status-publish","4":"has-post-thumbnail","6":"product_cat-acessorios","7":"product_cat-joias-e-semi-joias","8":"product_tag-local","10":"first","11":"instock","12":"taxable","13":"shipping-taxable","14":"purchasable","15":"product-type-simple"},"acf":[],"jetpack_sharing_enabled":true,"_links":{"self":[{"href":"https:\/\/brazzashop.com\/en\/wp-json\/wp\/v2\/product\/32368","targetHints":{"allow":["GET"]}}],"collection":[{"href":"https:\/\/brazzashop.com\/en\/wp-json\/wp\/v2\/product"}],"about":[{"href":"https:\/\/brazzashop.com\/en\/wp-json\/wp\/v2\/types\/product"}],"replies":[{"embeddable":true,"href":"https:\/\/brazzashop.com\/en\/wp-json\/wp\/v2\/comments?post=32368"}],"version-history":[{"count":0,"href":"https:\/\/brazzashop.com\/en\/wp-json\/wp\/v2\/product\/32368\/revisions"}],"wp:featuredmedia":[{"embeddable":true,"href":"https:\/\/brazzashop.com\/en\/wp-json\/wp\/v2\/media\/32363"}],"wp:attachment":[{"href":"https:\/\/brazzashop.com\/en\/wp-json\/wp\/v2\/media?parent=32368"}],"wp:term":[{"taxonomy":"product_brand","embeddable":true,"href":"https:\/\/brazzashop.com\/en\/wp-json\/wp\/v2\/product_brand?post=32368"},{"taxonomy":"product_cat","embeddable":true,"href":"https:\/\/brazzashop.com\/en\/wp-json\/wp\/v2\/product_cat?post=32368"},{"taxonomy":"product_tag","embeddable":true,"href":"https:\/\/brazzashop.com\/en\/wp-json\/wp\/v2\/product_tag?post=32368"}],"curies":[{"name":"wp","href":"https:\/\/api.w.org\/{rel}","templated":true}]}}