{"id":32362,"date":"2026-04-18T01:40:15","date_gmt":"2026-04-18T01:40:15","guid":{"rendered":"https:\/\/brazzashop.com\/product\/terco-nossa-senhora-aparecida-madeira-importado-do-brasil\/"},"modified":"2026-04-18T01:40:15","modified_gmt":"2026-04-18T01:40:15","slug":"terco-nossa-senhora-aparecida-madeira-importado-do-brasil","status":"publish","type":"product","link":"https:\/\/brazzashop.com\/en\/product\/terco-nossa-senhora-aparecida-madeira-importado-do-brasil\/","title":{"rendered":"Ter\u00e7o Nossa Senhora Aparecida Madeira &#8211; Importado do Brasil"},"content":{"rendered":"<p>Ter\u00e7o Nossa Senhora Aparecida artesanal, importado do Brasil, feito em madeira natural para ora\u00e7\u00e3o e devo\u00e7\u00e3o.<\/p>\n<p><\/p>\n<p>Produzido com contas de madeira em tom mel, montadas em cord\u00e3o branco resistente com n\u00f3s refor\u00e7ados. O acabamento destaca a textura natural da madeira, trazendo leveza e tradi\u00e7\u00e3o \u00e0 pe\u00e7a.<\/p>\n<p><\/p>\n<p>Acompanha medalha detalhada em madeira com a imagem de Nossa Senhora Aparecida e crucifixo tamb\u00e9m em madeira, mantendo a unidade e o estilo r\u00fastico do ter\u00e7o.<\/p>\n<p><\/p>\n<p>Uma pe\u00e7a cl\u00e1ssica e cheia de significado, ideal para momentos de f\u00e9, presentear ou compor seu altar com a padroeira do Brasil.<\/p>\n<p><\/p>\n<p>*Detalhes:* \u00a0<\/p>\n<p>&#8211; *Material*: Contas e crucifixo em madeira + medalha em madeira \u00a0<\/p>\n<p>&#8211; *Acabamento*: Cord\u00e3o branco com n\u00f3s refor\u00e7ados \u00a0<\/p>\n<p>&#8211; *Origem*: Importado do Brasil \u00a0<\/p>\n<p>&#8211; *Produ\u00e7\u00e3o*: Artesanal, feito \u00e0 m\u00e3o<\/p>","protected":false},"excerpt":{"rendered":"<p>Ter\u00e7o Nossa Senhora Aparecida com contas de madeira natural e acabamento em cord\u00e3o branco. Medalha detalhada em madeira com imagem da Santa e crucifixo em madeira. Produto importado do Brasil. Feito \u00e0 m\u00e3o.<br data-mce-bogus=\"1\"><\/p>","protected":false},"featured_media":32354,"comment_status":"open","ping_status":"closed","template":"","meta":{"_acf_changed":false},"product_brand":[],"product_cat":[44,1210],"product_tag":[1191],"class_list":{"0":"post-32362","1":"product","2":"type-product","3":"status-publish","4":"has-post-thumbnail","6":"product_cat-acessorios","7":"product_cat-joias-e-semi-joias","8":"product_tag-local","10":"first","11":"instock","12":"taxable","13":"shipping-taxable","14":"purchasable","15":"product-type-simple"},"acf":[],"jetpack_sharing_enabled":true,"_links":{"self":[{"href":"https:\/\/brazzashop.com\/en\/wp-json\/wp\/v2\/product\/32362","targetHints":{"allow":["GET"]}}],"collection":[{"href":"https:\/\/brazzashop.com\/en\/wp-json\/wp\/v2\/product"}],"about":[{"href":"https:\/\/brazzashop.com\/en\/wp-json\/wp\/v2\/types\/product"}],"replies":[{"embeddable":true,"href":"https:\/\/brazzashop.com\/en\/wp-json\/wp\/v2\/comments?post=32362"}],"version-history":[{"count":0,"href":"https:\/\/brazzashop.com\/en\/wp-json\/wp\/v2\/product\/32362\/revisions"}],"wp:featuredmedia":[{"embeddable":true,"href":"https:\/\/brazzashop.com\/en\/wp-json\/wp\/v2\/media\/32354"}],"wp:attachment":[{"href":"https:\/\/brazzashop.com\/en\/wp-json\/wp\/v2\/media?parent=32362"}],"wp:term":[{"taxonomy":"product_brand","embeddable":true,"href":"https:\/\/brazzashop.com\/en\/wp-json\/wp\/v2\/product_brand?post=32362"},{"taxonomy":"product_cat","embeddable":true,"href":"https:\/\/brazzashop.com\/en\/wp-json\/wp\/v2\/product_cat?post=32362"},{"taxonomy":"product_tag","embeddable":true,"href":"https:\/\/brazzashop.com\/en\/wp-json\/wp\/v2\/product_tag?post=32362"}],"curies":[{"name":"wp","href":"https:\/\/api.w.org\/{rel}","templated":true}]}}