{"id":32361,"date":"2026-04-18T01:37:18","date_gmt":"2026-04-18T01:37:18","guid":{"rendered":"https:\/\/brazzashop.com\/product\/pulseira-terco-sao-bento-cristal-azul-importado-do-brasil\/"},"modified":"2026-04-18T01:37:18","modified_gmt":"2026-04-18T01:37:18","slug":"pulseira-terco-sao-bento-cristal-azul-importado-do-brasil","status":"publish","type":"product","link":"https:\/\/brazzashop.com\/en\/product\/pulseira-terco-sao-bento-cristal-azul-importado-do-brasil\/","title":{"rendered":"Pulseira Ter\u00e7o S\u00e3o Bento Cristal Azul &#8211; Importado do Brasil"},"content":{"rendered":"<p>Pulseira ter\u00e7o S\u00e3o Bento artesanal, importada do Brasil, ideal para levar prote\u00e7\u00e3o e f\u00e9 no dia a dia com delicadeza.<\/p>\n<p><\/p>\n<p>Produzida com contas de cristal azul facetado que refletem a luz, intercaladas com entremeios em metal prateado. Acabamento em cord\u00e3o com fecho mosquet\u00e3o para ajuste seguro e pr\u00e1tico no pulso.<\/p>\n<p><\/p>\n<p>Acompanha medalha de S\u00e3o Bento e crucifixo detalhado em metal, s\u00edmbolos de devo\u00e7\u00e3o e prote\u00e7\u00e3o.<\/p>\n<p><\/p>\n<p>Uma pe\u00e7a elegante e cheia de brilho, perfeita para usar ou presentear em momentos especiais.<\/p>\n<p><\/p>\n<p>*Detalhes:* \u00a0<\/p>\n<p>&#8211; *Material*: Contas de cristal + metal \u00a0<\/p>\n<p>&#8211; *Acabamento*: Cord\u00e3o com fecho mosquet\u00e3o \u00a0<\/p>\n<p>&#8211; *Origem*: Importado do Brasil \u00a0<\/p>\n<p>&#8211; *Produ\u00e7\u00e3o*: Artesanal, feita \u00e0 m\u00e3o<\/p>","protected":false},"excerpt":{"rendered":"<p><span id=\"_mce_caret\" data-mce-bogus=\"1\" data-mce-type=\"format-caret\"><span style=\"text-decoration: underline\" data-mce-style=\"text-decoration: underline;\"><\/span><\/span>\u00a0Pulseira ter\u00e7o S\u00e3o Bento com contas de cristal azul facetado e entremeios prateados. Medalha de S\u00e3o Bento e crucifixo em metal. Acabamento com fecho mosquet\u00e3o. Produto importado do Brasil. Feita \u00e0 m\u00e3o.<br data-mce-bogus=\"1\"><\/p>","protected":false},"featured_media":32356,"comment_status":"open","ping_status":"closed","template":"","meta":{"_acf_changed":false},"product_brand":[],"product_cat":[44,1210],"product_tag":[1191],"class_list":{"0":"post-32361","1":"product","2":"type-product","3":"status-publish","4":"has-post-thumbnail","6":"product_cat-acessorios","7":"product_cat-joias-e-semi-joias","8":"product_tag-local","10":"first","11":"instock","12":"taxable","13":"shipping-taxable","14":"purchasable","15":"product-type-simple"},"acf":[],"jetpack_sharing_enabled":true,"_links":{"self":[{"href":"https:\/\/brazzashop.com\/en\/wp-json\/wp\/v2\/product\/32361","targetHints":{"allow":["GET"]}}],"collection":[{"href":"https:\/\/brazzashop.com\/en\/wp-json\/wp\/v2\/product"}],"about":[{"href":"https:\/\/brazzashop.com\/en\/wp-json\/wp\/v2\/types\/product"}],"replies":[{"embeddable":true,"href":"https:\/\/brazzashop.com\/en\/wp-json\/wp\/v2\/comments?post=32361"}],"version-history":[{"count":0,"href":"https:\/\/brazzashop.com\/en\/wp-json\/wp\/v2\/product\/32361\/revisions"}],"wp:featuredmedia":[{"embeddable":true,"href":"https:\/\/brazzashop.com\/en\/wp-json\/wp\/v2\/media\/32356"}],"wp:attachment":[{"href":"https:\/\/brazzashop.com\/en\/wp-json\/wp\/v2\/media?parent=32361"}],"wp:term":[{"taxonomy":"product_brand","embeddable":true,"href":"https:\/\/brazzashop.com\/en\/wp-json\/wp\/v2\/product_brand?post=32361"},{"taxonomy":"product_cat","embeddable":true,"href":"https:\/\/brazzashop.com\/en\/wp-json\/wp\/v2\/product_cat?post=32361"},{"taxonomy":"product_tag","embeddable":true,"href":"https:\/\/brazzashop.com\/en\/wp-json\/wp\/v2\/product_tag?post=32361"}],"curies":[{"name":"wp","href":"https:\/\/api.w.org\/{rel}","templated":true}]}}