{"id":32353,"date":"2026-04-18T01:23:16","date_gmt":"2026-04-18T01:23:16","guid":{"rendered":"https:\/\/brazzashop.com\/product\/terco-sao-bento-madeira-clara-importando-do-brasil-feiro-a-mao\/"},"modified":"2026-04-18T02:17:01","modified_gmt":"2026-04-18T02:17:01","slug":"terco-sao-bento-madeira-clara-importando-do-brasil-feiro-a-mao","status":"publish","type":"product","link":"https:\/\/brazzashop.com\/en\/product\/terco-sao-bento-madeira-clara-importando-do-brasil-feiro-a-mao\/","title":{"rendered":"Ter\u00e7o S\u00e3o Bento Madeira Clara &#8211; Importado do Brasil Feiro a M\u00e3o"},"content":{"rendered":"<p>Ter\u00e7o S\u00e3o Bento artesanal, importado do Brasil, feito em madeira clara para momentos de ora\u00e7\u00e3o com leveza e tradi\u00e7\u00e3o.<\/p>\n<p>Possui contas de madeira em tom natural, intercaladas com entremeios e medalhas em metal prateado. Montado em cord\u00e3o branco resistente com n\u00f3s refor\u00e7ados para maior durabilidade.<\/p>\n<p>Acompanha medalha de S\u00e3o Bento e crucifixo trabalhado em metal, s\u00edmbolos de f\u00e9 e prote\u00e7\u00e3o.<\/p>\n<p>Uma pe\u00e7a cl\u00e1ssica e atemporal, ideal para devo\u00e7\u00e3o pessoal, presentear ou compor seu altar.<\/p>\n<p>*Detalhes:* \u00a0<\/p>\n<p>&#8211; *Material*: Contas de madeira + metal \u00a0<\/p>\n<p>&#8211; *Acabamento*: Cord\u00e3o branco com n\u00f3s refor\u00e7ados \u00a0<\/p>\n<p>&#8211; *Origem*: Importado do Brasil \u00a0<\/p>\n<p>&#8211; *Produ\u00e7\u00e3o*: Artesanal, feito \u00e0 m\u00e3o<\/p>","protected":false},"excerpt":{"rendered":"<p>Ter\u00e7o S\u00e3o Bento em contas de madeira clara com detalhes em metal e acabamento em cord\u00e3o branco. Medalha e crucifixo de S\u00e3o Bento. Produto importado do Brasil. Feito \u00e0 m\u00e3o.<\/p>","protected":false},"featured_media":32352,"comment_status":"open","ping_status":"closed","template":"","meta":{"_acf_changed":false},"product_brand":[],"product_cat":[44,1210],"product_tag":[1191],"class_list":{"0":"post-32353","1":"product","2":"type-product","3":"status-publish","4":"has-post-thumbnail","6":"product_cat-acessorios","7":"product_cat-joias-e-semi-joias","8":"product_tag-local","10":"first","11":"instock","12":"taxable","13":"shipping-taxable","14":"purchasable","15":"product-type-simple"},"acf":[],"jetpack_sharing_enabled":true,"_links":{"self":[{"href":"https:\/\/brazzashop.com\/en\/wp-json\/wp\/v2\/product\/32353","targetHints":{"allow":["GET"]}}],"collection":[{"href":"https:\/\/brazzashop.com\/en\/wp-json\/wp\/v2\/product"}],"about":[{"href":"https:\/\/brazzashop.com\/en\/wp-json\/wp\/v2\/types\/product"}],"replies":[{"embeddable":true,"href":"https:\/\/brazzashop.com\/en\/wp-json\/wp\/v2\/comments?post=32353"}],"version-history":[{"count":1,"href":"https:\/\/brazzashop.com\/en\/wp-json\/wp\/v2\/product\/32353\/revisions"}],"predecessor-version":[{"id":32377,"href":"https:\/\/brazzashop.com\/en\/wp-json\/wp\/v2\/product\/32353\/revisions\/32377"}],"wp:featuredmedia":[{"embeddable":true,"href":"https:\/\/brazzashop.com\/en\/wp-json\/wp\/v2\/media\/32352"}],"wp:attachment":[{"href":"https:\/\/brazzashop.com\/en\/wp-json\/wp\/v2\/media?parent=32353"}],"wp:term":[{"taxonomy":"product_brand","embeddable":true,"href":"https:\/\/brazzashop.com\/en\/wp-json\/wp\/v2\/product_brand?post=32353"},{"taxonomy":"product_cat","embeddable":true,"href":"https:\/\/brazzashop.com\/en\/wp-json\/wp\/v2\/product_cat?post=32353"},{"taxonomy":"product_tag","embeddable":true,"href":"https:\/\/brazzashop.com\/en\/wp-json\/wp\/v2\/product_tag?post=32353"}],"curies":[{"name":"wp","href":"https:\/\/api.w.org\/{rel}","templated":true}]}}