{"id":32337,"date":"2026-04-18T01:02:41","date_gmt":"2026-04-18T01:02:41","guid":{"rendered":"https:\/\/brazzashop.com\/product\/terco-nossa-senhora-das-gracas-branco-e-azul-importado-do-brasil-feito-a-mao\/"},"modified":"2026-04-18T01:02:41","modified_gmt":"2026-04-18T01:02:41","slug":"terco-nossa-senhora-das-gracas-branco-e-azul-importado-do-brasil-feito-a-mao","status":"publish","type":"product","link":"https:\/\/brazzashop.com\/en\/product\/terco-nossa-senhora-das-gracas-branco-e-azul-importado-do-brasil-feito-a-mao\/","title":{"rendered":"Ter\u00e7o Nossa Senhora das Gra\u00e7as Branco e Azul -importado do Brasil Feito a M\u00e3o"},"content":{"rendered":"<p>Ter\u00e7o Nossa Senhora das Gra\u00e7as artesanal, importado do Brasil, feito para acompanhar seus momentos de ora\u00e7\u00e3o com f\u00e9 e beleza.<\/p>\n<p><\/p>\n<p>Possui contas brancas de acabamento fosco com detalhes em contas azuis marcando as dezenas, trazendo leveza e harmonia. Montado em cord\u00e3o resistente com n\u00f3s refor\u00e7ados para maior durabilidade.<\/p>\n<p><\/p>\n<p>Acompanha medalha trabalhada de Nossa Senhora das Gra\u00e7as e crucifixo detalhado em metal, unindo tradi\u00e7\u00e3o e significado em cada mist\u00e9rio.<\/p>\n<p><\/p>\n<p>Uma pe\u00e7a cl\u00e1ssica nas cores branco e azul, perfeita para presentear, batizados ou para seu altar em casa.<\/p>\n<p><\/p>\n<p>*Detalhes:* \u00a0<\/p>\n<p>&#8211; *Material*: Contas + metal \u00a0<\/p>\n<p>&#8211; *Acabamento*: Cord\u00e3o com n\u00f3s refor\u00e7ados \u00a0<\/p>\n<p>&#8211; *Origem*: Importado do Brasil \u00a0<\/p>\n<p>&#8211; *Produ\u00e7\u00e3o*: Artesanal, feito \u00e0 m\u00e3o<\/p>","protected":false},"excerpt":{"rendered":"<p>Ter\u00e7o Nossa Senhora das Gra\u00e7as com contas brancas, detalhes em azul e acabamento em cord\u00e3o. Medalha e crucifixo em metal. Feito \u00e0 m\u00e3o.<br data-mce-bogus=\"1\"><\/p>","protected":false},"featured_media":32336,"comment_status":"open","ping_status":"closed","template":"","meta":{"_acf_changed":false},"product_brand":[],"product_cat":[44,1210],"product_tag":[1191],"class_list":{"0":"post-32337","1":"product","2":"type-product","3":"status-publish","4":"has-post-thumbnail","6":"product_cat-acessorios","7":"product_cat-joias-e-semi-joias","8":"product_tag-local","10":"first","11":"instock","12":"taxable","13":"shipping-taxable","14":"purchasable","15":"product-type-simple"},"acf":[],"jetpack_sharing_enabled":true,"_links":{"self":[{"href":"https:\/\/brazzashop.com\/en\/wp-json\/wp\/v2\/product\/32337","targetHints":{"allow":["GET"]}}],"collection":[{"href":"https:\/\/brazzashop.com\/en\/wp-json\/wp\/v2\/product"}],"about":[{"href":"https:\/\/brazzashop.com\/en\/wp-json\/wp\/v2\/types\/product"}],"replies":[{"embeddable":true,"href":"https:\/\/brazzashop.com\/en\/wp-json\/wp\/v2\/comments?post=32337"}],"version-history":[{"count":0,"href":"https:\/\/brazzashop.com\/en\/wp-json\/wp\/v2\/product\/32337\/revisions"}],"wp:featuredmedia":[{"embeddable":true,"href":"https:\/\/brazzashop.com\/en\/wp-json\/wp\/v2\/media\/32336"}],"wp:attachment":[{"href":"https:\/\/brazzashop.com\/en\/wp-json\/wp\/v2\/media?parent=32337"}],"wp:term":[{"taxonomy":"product_brand","embeddable":true,"href":"https:\/\/brazzashop.com\/en\/wp-json\/wp\/v2\/product_brand?post=32337"},{"taxonomy":"product_cat","embeddable":true,"href":"https:\/\/brazzashop.com\/en\/wp-json\/wp\/v2\/product_cat?post=32337"},{"taxonomy":"product_tag","embeddable":true,"href":"https:\/\/brazzashop.com\/en\/wp-json\/wp\/v2\/product_tag?post=32337"}],"curies":[{"name":"wp","href":"https:\/\/api.w.org\/{rel}","templated":true}]}}