{"id":32327,"date":"2026-04-18T00:51:40","date_gmt":"2026-04-18T00:51:40","guid":{"rendered":"https:\/\/brazzashop.com\/?post_type=product&#038;p=32327"},"modified":"2026-04-18T02:16:22","modified_gmt":"2026-04-18T02:16:22","slug":"pulseira-dezena-sao-bento-madeira-e-aco-inoxidavel-feito-a-mao-copia","status":"publish","type":"product","link":"https:\/\/brazzashop.com\/en\/product\/pulseira-dezena-sao-bento-madeira-e-aco-inoxidavel-feito-a-mao-copia\/","title":{"rendered":"Pulseira Dezena S\u00e3o Bento Madeira e A\u00e7o Inoxid\u00e1vel &#8211; Feito a m\u00e3o (c\u00f3pia)"},"content":{"rendered":"<p>Pulseira dezena S\u00e3o Bento artesanal para carregar a f\u00e9 com voc\u00ea todos os dias.<\/p>\n<p>Possui 10 contas de madeira com veios naturais que formam a dezena, intercaladas com pequenas contas e entremeios em a\u00e7o inoxid\u00e1vel. Acompanha medalha de S\u00e3o Bento e crucifixo em a\u00e7o \u2014 material resistente que n\u00e3o escurece, n\u00e3o enferruja e mant\u00e9m o brilho mesmo com uso di\u00e1rio.<\/p>\n<p>O acabamento em cord\u00e3o preto com fecho mosquet\u00e3o garante seguran\u00e7a e um toque r\u00fastico. Une devo\u00e7\u00e3o, prote\u00e7\u00e3o e beleza natural em uma pe\u00e7a \u00fanica.<\/p>\n<p>Ideal para usar no pulso ou presentear algu\u00e9m especial.<\/p>\n<p>*Detalhes:* \u00a0<\/p>\n<p>&#8211; *Material*: Contas de madeira + a\u00e7o inoxid\u00e1vel \u00a0<\/p>\n<p>&#8211; *Fechamento*: Mosquet\u00e3o em a\u00e7o com acabamento em cord\u00e3o \u00a0<\/p>\n<p>&#8211; *Produ\u00e7\u00e3o*: Artesanal, feita \u00e0 m\u00e3o<\/p>","protected":false},"excerpt":{"rendered":"<p>Pulseira dezena S\u00e3o Bento com contas de madeira e entremeios em a\u00e7o inoxid\u00e1vel. Medalha de S\u00e3o Bento e crucifixo em a\u00e7o que n\u00e3o escurece. Feita \u00e0 m\u00e3o.<\/p>","protected":false},"featured_media":32318,"comment_status":"open","ping_status":"closed","template":"","meta":{"_acf_changed":false},"product_brand":[],"product_cat":[44,1210],"product_tag":[1191],"class_list":{"0":"post-32327","1":"product","2":"type-product","3":"status-publish","4":"has-post-thumbnail","6":"product_cat-acessorios","7":"product_cat-joias-e-semi-joias","8":"product_tag-local","10":"first","11":"instock","12":"taxable","13":"shipping-taxable","14":"purchasable","15":"product-type-simple"},"acf":[],"jetpack_sharing_enabled":true,"_links":{"self":[{"href":"https:\/\/brazzashop.com\/en\/wp-json\/wp\/v2\/product\/32327","targetHints":{"allow":["GET"]}}],"collection":[{"href":"https:\/\/brazzashop.com\/en\/wp-json\/wp\/v2\/product"}],"about":[{"href":"https:\/\/brazzashop.com\/en\/wp-json\/wp\/v2\/types\/product"}],"replies":[{"embeddable":true,"href":"https:\/\/brazzashop.com\/en\/wp-json\/wp\/v2\/comments?post=32327"}],"version-history":[{"count":1,"href":"https:\/\/brazzashop.com\/en\/wp-json\/wp\/v2\/product\/32327\/revisions"}],"predecessor-version":[{"id":32376,"href":"https:\/\/brazzashop.com\/en\/wp-json\/wp\/v2\/product\/32327\/revisions\/32376"}],"wp:featuredmedia":[{"embeddable":true,"href":"https:\/\/brazzashop.com\/en\/wp-json\/wp\/v2\/media\/32318"}],"wp:attachment":[{"href":"https:\/\/brazzashop.com\/en\/wp-json\/wp\/v2\/media?parent=32327"}],"wp:term":[{"taxonomy":"product_brand","embeddable":true,"href":"https:\/\/brazzashop.com\/en\/wp-json\/wp\/v2\/product_brand?post=32327"},{"taxonomy":"product_cat","embeddable":true,"href":"https:\/\/brazzashop.com\/en\/wp-json\/wp\/v2\/product_cat?post=32327"},{"taxonomy":"product_tag","embeddable":true,"href":"https:\/\/brazzashop.com\/en\/wp-json\/wp\/v2\/product_tag?post=32327"}],"curies":[{"name":"wp","href":"https:\/\/api.w.org\/{rel}","templated":true}]}}