{"id":32326,"date":"2026-04-18T00:50:27","date_gmt":"2026-04-18T00:50:27","guid":{"rendered":"https:\/\/brazzashop.com\/product\/terco-santo-antonio-rosa-perolado-feito-a-mao\/"},"modified":"2026-04-18T00:50:27","modified_gmt":"2026-04-18T00:50:27","slug":"terco-santo-antonio-rosa-perolado-feito-a-mao","status":"publish","type":"product","link":"https:\/\/brazzashop.com\/en\/product\/terco-santo-antonio-rosa-perolado-feito-a-mao\/","title":{"rendered":"Ter\u00e7o Santo Ant\u00f4nio Rosa Perolado &#8211; Feito a M\u00e3o"},"content":{"rendered":"<p>Ter\u00e7o Santo Ant\u00f4nio artesanal feito para momentos de ora\u00e7\u00e3o e devo\u00e7\u00e3o.<\/p>\n<p><\/p>\n<p>Possui contas rosa peroladas com brilho delicado, intercaladas com contas craqueladas que destacam as dezenas. Montado em cord\u00e3o resistente com n\u00f3s refor\u00e7ados, garantindo durabilidade no uso di\u00e1rio.<\/p>\n<p><\/p>\n<p>Acompanha medalha de Santo Ant\u00f4nio e crucifixo em metal, s\u00edmbolos de f\u00e9 e prote\u00e7\u00e3o. O acabamento artesanal traz leveza e beleza para sua ora\u00e7\u00e3o.<\/p>\n<p><\/p>\n<p>Perfeito para presentear, para batizados ou para seu altar em casa.<\/p>\n<p><\/p>\n<p>*Detalhes:* \u00a0<\/p>\n<p>&#8211; *Material*: Contas peroladas + metal \u00a0<\/p>\n<p>&#8211; *Acabamento*: Cord\u00e3o com n\u00f3s refor\u00e7ados \u00a0<\/p>\n<p>&#8211; *Produ\u00e7\u00e3o*: Artesanal, feito \u00e0 m\u00e3o<\/p>","protected":false},"excerpt":{"rendered":"<p>Ter\u00e7o Santo Ant\u00f4nio com contas rosa peroladas e acabamento em cord\u00e3o. Medalha de Santo Ant\u00f4nio e crucifixo em metal. Feito \u00e0 m\u00e3o.<br data-mce-bogus=\"1\"><\/p>","protected":false},"featured_media":32322,"comment_status":"open","ping_status":"closed","template":"","meta":{"_acf_changed":false},"product_brand":[],"product_cat":[44,1210],"product_tag":[1191],"class_list":{"0":"post-32326","1":"product","2":"type-product","3":"status-publish","4":"has-post-thumbnail","6":"product_cat-acessorios","7":"product_cat-joias-e-semi-joias","8":"product_tag-local","10":"first","11":"instock","12":"taxable","13":"shipping-taxable","14":"purchasable","15":"product-type-simple"},"acf":[],"jetpack_sharing_enabled":true,"_links":{"self":[{"href":"https:\/\/brazzashop.com\/en\/wp-json\/wp\/v2\/product\/32326","targetHints":{"allow":["GET"]}}],"collection":[{"href":"https:\/\/brazzashop.com\/en\/wp-json\/wp\/v2\/product"}],"about":[{"href":"https:\/\/brazzashop.com\/en\/wp-json\/wp\/v2\/types\/product"}],"replies":[{"embeddable":true,"href":"https:\/\/brazzashop.com\/en\/wp-json\/wp\/v2\/comments?post=32326"}],"version-history":[{"count":0,"href":"https:\/\/brazzashop.com\/en\/wp-json\/wp\/v2\/product\/32326\/revisions"}],"wp:featuredmedia":[{"embeddable":true,"href":"https:\/\/brazzashop.com\/en\/wp-json\/wp\/v2\/media\/32322"}],"wp:attachment":[{"href":"https:\/\/brazzashop.com\/en\/wp-json\/wp\/v2\/media?parent=32326"}],"wp:term":[{"taxonomy":"product_brand","embeddable":true,"href":"https:\/\/brazzashop.com\/en\/wp-json\/wp\/v2\/product_brand?post=32326"},{"taxonomy":"product_cat","embeddable":true,"href":"https:\/\/brazzashop.com\/en\/wp-json\/wp\/v2\/product_cat?post=32326"},{"taxonomy":"product_tag","embeddable":true,"href":"https:\/\/brazzashop.com\/en\/wp-json\/wp\/v2\/product_tag?post=32326"}],"curies":[{"name":"wp","href":"https:\/\/api.w.org\/{rel}","templated":true}]}}