{"id":32307,"date":"2026-04-18T00:14:11","date_gmt":"2026-04-18T00:14:11","guid":{"rendered":"https:\/\/brazzashop.com\/product\/pulseira-terco-sao-bento-cristal-azul-royal-aco-inoxidavel-feito-a-mao\/"},"modified":"2026-04-18T00:14:11","modified_gmt":"2026-04-18T00:14:11","slug":"pulseira-terco-sao-bento-cristal-azul-royal-aco-inoxidavel-feito-a-mao","status":"publish","type":"product","link":"https:\/\/brazzashop.com\/en\/product\/pulseira-terco-sao-bento-cristal-azul-royal-aco-inoxidavel-feito-a-mao\/","title":{"rendered":"Pulseira Ter\u00e7o S\u00e3o Bento Cristal Azul Royal A\u00e7o Inoxid\u00e1vel Feito \u00e0 M\u00e3o"},"content":{"rendered":"<p>*Descri\u00e7\u00e3o maior:* \u00a0<\/p>\n<p>Pulseira ter\u00e7o de S\u00e3o Bento artesanal, feita \u00e0 m\u00e3o para uso di\u00e1rio com discri\u00e7\u00e3o e f\u00e9.<\/p>\n<p><\/p>\n<p>Montada com cristais facetados azul royal que brilham na luz, entremeios e fecho em a\u00e7o inoxid\u00e1vel que n\u00e3o escurece, n\u00e3o oxida e \u00e9 antial\u00e9rgico. Acompanha medalha de S\u00e3o Bento e crucifixo detalhado no mesmo metal.<\/p>\n<p><\/p>\n<p>Perfeita para levar sua devo\u00e7\u00e3o no pulso, com a prote\u00e7\u00e3o de S\u00e3o Bento contra todo mal. Pe\u00e7a delicada, resistente e com acabamento de qualidade.<\/p>\n<p><\/p>\n<p>*Material:* Cristal, metal em a\u00e7o inoxid\u00e1vel \u00a0<\/p>\n<p>*Diferencial:* Feito \u00e0 m\u00e3o, a\u00e7o inoxid\u00e1vel, devo\u00e7\u00e3o a S\u00e3o Bento<\/p>","protected":false},"excerpt":{"rendered":"<p>Pulseira ter\u00e7o S\u00e3o Bento com cristais azul royal facetados e entremeios em a\u00e7o inoxid\u00e1vel. Medalha de S\u00e3o Bento e crucifixo em a\u00e7o inoxid\u00e1vel que n\u00e3o escurece. Feita \u00e0 m\u00e3o.<\/p>","protected":false},"featured_media":32306,"comment_status":"open","ping_status":"closed","template":"","meta":{"_acf_changed":false},"product_brand":[],"product_cat":[44,1210],"product_tag":[1191],"class_list":{"0":"post-32307","1":"product","2":"type-product","3":"status-publish","4":"has-post-thumbnail","6":"product_cat-acessorios","7":"product_cat-joias-e-semi-joias","8":"product_tag-local","10":"first","11":"instock","12":"taxable","13":"shipping-taxable","14":"purchasable","15":"product-type-simple"},"acf":[],"jetpack_sharing_enabled":true,"_links":{"self":[{"href":"https:\/\/brazzashop.com\/en\/wp-json\/wp\/v2\/product\/32307","targetHints":{"allow":["GET"]}}],"collection":[{"href":"https:\/\/brazzashop.com\/en\/wp-json\/wp\/v2\/product"}],"about":[{"href":"https:\/\/brazzashop.com\/en\/wp-json\/wp\/v2\/types\/product"}],"replies":[{"embeddable":true,"href":"https:\/\/brazzashop.com\/en\/wp-json\/wp\/v2\/comments?post=32307"}],"version-history":[{"count":0,"href":"https:\/\/brazzashop.com\/en\/wp-json\/wp\/v2\/product\/32307\/revisions"}],"wp:featuredmedia":[{"embeddable":true,"href":"https:\/\/brazzashop.com\/en\/wp-json\/wp\/v2\/media\/32306"}],"wp:attachment":[{"href":"https:\/\/brazzashop.com\/en\/wp-json\/wp\/v2\/media?parent=32307"}],"wp:term":[{"taxonomy":"product_brand","embeddable":true,"href":"https:\/\/brazzashop.com\/en\/wp-json\/wp\/v2\/product_brand?post=32307"},{"taxonomy":"product_cat","embeddable":true,"href":"https:\/\/brazzashop.com\/en\/wp-json\/wp\/v2\/product_cat?post=32307"},{"taxonomy":"product_tag","embeddable":true,"href":"https:\/\/brazzashop.com\/en\/wp-json\/wp\/v2\/product_tag?post=32307"}],"curies":[{"name":"wp","href":"https:\/\/api.w.org\/{rel}","templated":true}]}}