{"id":32302,"date":"2026-04-18T00:06:17","date_gmt":"2026-04-18T00:06:17","guid":{"rendered":"https:\/\/brazzashop.com\/product\/terco-nossa-senhora-aparecida-com-sao-bento-madeira-e-aco-inoxidavel-feito-a-mao\/"},"modified":"2026-04-18T00:06:17","modified_gmt":"2026-04-18T00:06:17","slug":"terco-nossa-senhora-aparecida-com-sao-bento-madeira-e-aco-inoxidavel-feito-a-mao","status":"publish","type":"product","link":"https:\/\/brazzashop.com\/en\/product\/terco-nossa-senhora-aparecida-com-sao-bento-madeira-e-aco-inoxidavel-feito-a-mao\/","title":{"rendered":"Ter\u00e7o Nossa Senhora Aparecida com S\u00e3o Bento &#8211; Madeira e A\u00e7o Inoxid\u00e1vel Feito \u00e0 M\u00e3o"},"content":{"rendered":"<p>*Descri\u00e7\u00e3o maior:* \u00a0<\/p>\n<p>Ter\u00e7o artesanal que une duas devo\u00e7\u00f5es poderosas: Nossa Senhora Aparecida e S\u00e3o Bento.\u00a0<\/p>\n<p><\/p>\n<p>Confeccionado \u00e0 m\u00e3o com contas de madeira natural em tons de mel, traz a medalha da Padroeira do Brasil no centro e medalhas de S\u00e3o Bento nas 5 contas do Pai-Nosso, garantindo dupla prote\u00e7\u00e3o para quem usa.<\/p>\n<p><\/p>\n<p>Todos os metais s\u00e3o em a\u00e7o inoxid\u00e1vel: n\u00e3o escurece, n\u00e3o oxida e \u00e9 antial\u00e9rgico. O crucifixo detalhado e o acabamento r\u00fastico da madeira tornam a pe\u00e7a \u00fanica e resistente para as ora\u00e7\u00f5es di\u00e1rias.<\/p>\n<p><\/p>\n<p>*Material:* Contas de madeira, metal em a\u00e7o inoxid\u00e1vel \u00a0\u00a0<\/p>\n<p>*Diferencial:* Feito \u00e0 m\u00e3o, a\u00e7o inoxid\u00e1vel, devo\u00e7\u00e3o dupla Aparecida + S\u00e3o Bento<\/p>","protected":false},"excerpt":{"rendered":"<p>Ter\u00e7o Nossa Senhora Aparecida com medalhas de S\u00e3o Bento nas ora\u00e7\u00f5es do Pai-Nosso. Contas de madeira natural e todos os metais em a\u00e7o inoxid\u00e1vel que n\u00e3o escurece. Feito \u00e0 m\u00e3o.<\/p>","protected":false},"featured_media":32299,"comment_status":"open","ping_status":"closed","template":"","meta":{"_acf_changed":false},"product_brand":[],"product_cat":[44,1210],"product_tag":[1191],"class_list":{"0":"post-32302","1":"product","2":"type-product","3":"status-publish","4":"has-post-thumbnail","6":"product_cat-acessorios","7":"product_cat-joias-e-semi-joias","8":"product_tag-local","10":"first","11":"instock","12":"taxable","13":"shipping-taxable","14":"purchasable","15":"product-type-simple"},"acf":[],"jetpack_sharing_enabled":true,"_links":{"self":[{"href":"https:\/\/brazzashop.com\/en\/wp-json\/wp\/v2\/product\/32302","targetHints":{"allow":["GET"]}}],"collection":[{"href":"https:\/\/brazzashop.com\/en\/wp-json\/wp\/v2\/product"}],"about":[{"href":"https:\/\/brazzashop.com\/en\/wp-json\/wp\/v2\/types\/product"}],"replies":[{"embeddable":true,"href":"https:\/\/brazzashop.com\/en\/wp-json\/wp\/v2\/comments?post=32302"}],"version-history":[{"count":0,"href":"https:\/\/brazzashop.com\/en\/wp-json\/wp\/v2\/product\/32302\/revisions"}],"wp:featuredmedia":[{"embeddable":true,"href":"https:\/\/brazzashop.com\/en\/wp-json\/wp\/v2\/media\/32299"}],"wp:attachment":[{"href":"https:\/\/brazzashop.com\/en\/wp-json\/wp\/v2\/media?parent=32302"}],"wp:term":[{"taxonomy":"product_brand","embeddable":true,"href":"https:\/\/brazzashop.com\/en\/wp-json\/wp\/v2\/product_brand?post=32302"},{"taxonomy":"product_cat","embeddable":true,"href":"https:\/\/brazzashop.com\/en\/wp-json\/wp\/v2\/product_cat?post=32302"},{"taxonomy":"product_tag","embeddable":true,"href":"https:\/\/brazzashop.com\/en\/wp-json\/wp\/v2\/product_tag?post=32302"}],"curies":[{"name":"wp","href":"https:\/\/api.w.org\/{rel}","templated":true}]}}