{"id":32295,"date":"2026-04-17T23:55:49","date_gmt":"2026-04-17T23:55:49","guid":{"rendered":"https:\/\/brazzashop.com\/product\/terco-nossa-senhora-aparecida-contas-brancas-e-azul-marinho-feito-a-mao\/"},"modified":"2026-04-17T23:55:49","modified_gmt":"2026-04-17T23:55:49","slug":"terco-nossa-senhora-aparecida-contas-brancas-e-azul-marinho-feito-a-mao","status":"publish","type":"product","link":"https:\/\/brazzashop.com\/en\/product\/terco-nossa-senhora-aparecida-contas-brancas-e-azul-marinho-feito-a-mao\/","title":{"rendered":"Ter\u00e7o Nossa Senhora Aparecida &#8211; Contas Brancas e Azul Marinho, Feito a M\u00e3o"},"content":{"rendered":"<p>O Ter\u00e7o Nossa Senhora Aparecida \u00e9 uma pe\u00e7a de devo\u00e7\u00e3o e eleg\u00e2ncia, confeccionada artesanalmente \u00e0 m\u00e3o com todo cuidado.\u00a0<\/p>\n<p><\/p>\n<p>Com 5 dezenas para a ora\u00e7\u00e3o do Ter\u00e7o Mariano, possui contas brancas lisas que representam a pureza, intercaladas por contas azul marinho peroladas nas ora\u00e7\u00f5es do Pai-Nosso. A medalha da Padroeira do Brasil \u00e9 esmaltada em azul com detalhes prateados, combinando perfeitamente com o crucifixo trabalhado no mesmo tom.<\/p>\n<p><\/p>\n<p>Todos os detalhes em metal s\u00e3o em a\u00e7o inoxid\u00e1vel, garantindo que a pe\u00e7a n\u00e3o escurece, n\u00e3o oxida e \u00e9 antial\u00e9rgica. Montado em fio resistente, \u00e9 ideal para o uso di\u00e1rio nas ora\u00e7\u00f5es ou como presente de batizado, primeira comunh\u00e3o e datas especiais.<\/p>\n<p><\/p>\n<p>*Material:* Contas acr\u00edlicas, metal em a\u00e7o inoxid\u00e1vel e fio de nylon<\/p>\n<p>*Diferencial:* Feito \u00e0 m\u00e3o, a\u00e7o inoxid\u00e1vel que n\u00e3o escurece<\/p>","protected":false},"excerpt":{"rendered":"<p>Ter\u00e7o Nossa Senhora Aparecida com contas brancas e azul marinho nas ora\u00e7\u00f5es do Pai-Nosso. Medalha esmaltada e crucifixo em a\u00e7o inoxid\u00e1vel que n\u00e3o escurece. Feito \u00e0 m\u00e3o.<\/p>","protected":false},"featured_media":32291,"comment_status":"open","ping_status":"closed","template":"","meta":{"_acf_changed":false},"product_brand":[],"product_cat":[44,1210],"product_tag":[1191],"class_list":{"0":"post-32295","1":"product","2":"type-product","3":"status-publish","4":"has-post-thumbnail","6":"product_cat-acessorios","7":"product_cat-joias-e-semi-joias","8":"product_tag-local","10":"first","11":"instock","12":"taxable","13":"shipping-taxable","14":"purchasable","15":"product-type-simple"},"acf":[],"jetpack_sharing_enabled":true,"_links":{"self":[{"href":"https:\/\/brazzashop.com\/en\/wp-json\/wp\/v2\/product\/32295","targetHints":{"allow":["GET"]}}],"collection":[{"href":"https:\/\/brazzashop.com\/en\/wp-json\/wp\/v2\/product"}],"about":[{"href":"https:\/\/brazzashop.com\/en\/wp-json\/wp\/v2\/types\/product"}],"replies":[{"embeddable":true,"href":"https:\/\/brazzashop.com\/en\/wp-json\/wp\/v2\/comments?post=32295"}],"version-history":[{"count":0,"href":"https:\/\/brazzashop.com\/en\/wp-json\/wp\/v2\/product\/32295\/revisions"}],"wp:featuredmedia":[{"embeddable":true,"href":"https:\/\/brazzashop.com\/en\/wp-json\/wp\/v2\/media\/32291"}],"wp:attachment":[{"href":"https:\/\/brazzashop.com\/en\/wp-json\/wp\/v2\/media?parent=32295"}],"wp:term":[{"taxonomy":"product_brand","embeddable":true,"href":"https:\/\/brazzashop.com\/en\/wp-json\/wp\/v2\/product_brand?post=32295"},{"taxonomy":"product_cat","embeddable":true,"href":"https:\/\/brazzashop.com\/en\/wp-json\/wp\/v2\/product_cat?post=32295"},{"taxonomy":"product_tag","embeddable":true,"href":"https:\/\/brazzashop.com\/en\/wp-json\/wp\/v2\/product_tag?post=32295"}],"curies":[{"name":"wp","href":"https:\/\/api.w.org\/{rel}","templated":true}]}}