{"id":32289,"date":"2026-04-17T22:15:20","date_gmt":"2026-04-17T22:15:20","guid":{"rendered":"https:\/\/brazzashop.com\/product\/terco-sao-bento-madeira-feito-a-mao\/"},"modified":"2026-04-18T00:17:57","modified_gmt":"2026-04-18T00:17:57","slug":"terco-sao-bento-madeira-feito-a-mao","status":"publish","type":"product","link":"https:\/\/brazzashop.com\/en\/product\/terco-sao-bento-madeira-feito-a-mao\/","title":{"rendered":"Ter\u00e7o S\u00e3o Bento Madeira Feito \u00e0 M\u00e3o"},"content":{"rendered":"<p>*Descri\u00e7\u00e3o maior:* \u00a0<\/p>\n<p>O Ter\u00e7o S\u00e3o Bento de Madeira \u00e9 uma pe\u00e7a tradicional e cheia de significado, confeccionada artesanalmente \u00e0 m\u00e3o com muito cuidado em cada detalhe.\u00a0<\/p>\n<p>Com 5 dezenas para a ora\u00e7\u00e3o do Ter\u00e7o Mariano tradicional, \u00e9 composto por contas de madeira natural em tons de mel e caramelo, trazendo um visual r\u00fastico e acolhedor. A medalha e o crucifixo de S\u00e3o Bento no acabamento ouro velho refor\u00e7am a prote\u00e7\u00e3o contra o mal, inveja e tenta\u00e7\u00f5es, caracter\u00edstica da devo\u00e7\u00e3o a esse santo.<\/p>\n<p>Montado em cord\u00e3o encerado preto resistente, \u00e9 uma pe\u00e7a dur\u00e1vel para acompanhar suas ora\u00e7\u00f5es di\u00e1rias. Perfeito para uso pessoal ou para presentear algu\u00e9m especial com f\u00e9 e carinho.<\/p>\n<p>*Material:* Contas de madeira natural, metal em ouro velho e cord\u00e3o encerrado<\/p>\n<p>*Diferencial:* Feito \u00e0 m\u00e3o, pe\u00e7a \u00fanica<\/p>","protected":false},"excerpt":{"rendered":"<p>Ter\u00e7o S\u00e3o Bento tradicional com 5 dezenas, contas de madeira natural em tons de mel, medalha e crucifixo em ouro velho. Montado em cord\u00e3o encerado preto. Feito \u00e0 m\u00e3o.<\/p>","protected":false},"featured_media":32284,"comment_status":"open","ping_status":"closed","template":"","meta":{"_acf_changed":false},"product_brand":[],"product_cat":[44,1210],"product_tag":[1191],"class_list":{"0":"post-32289","1":"product","2":"type-product","3":"status-publish","4":"has-post-thumbnail","6":"product_cat-acessorios","7":"product_cat-joias-e-semi-joias","8":"product_tag-local","10":"first","11":"instock","12":"taxable","13":"shipping-taxable","14":"purchasable","15":"product-type-simple"},"acf":[],"jetpack_sharing_enabled":true,"_links":{"self":[{"href":"https:\/\/brazzashop.com\/en\/wp-json\/wp\/v2\/product\/32289","targetHints":{"allow":["GET"]}}],"collection":[{"href":"https:\/\/brazzashop.com\/en\/wp-json\/wp\/v2\/product"}],"about":[{"href":"https:\/\/brazzashop.com\/en\/wp-json\/wp\/v2\/types\/product"}],"replies":[{"embeddable":true,"href":"https:\/\/brazzashop.com\/en\/wp-json\/wp\/v2\/comments?post=32289"}],"version-history":[{"count":1,"href":"https:\/\/brazzashop.com\/en\/wp-json\/wp\/v2\/product\/32289\/revisions"}],"predecessor-version":[{"id":32290,"href":"https:\/\/brazzashop.com\/en\/wp-json\/wp\/v2\/product\/32289\/revisions\/32290"}],"wp:featuredmedia":[{"embeddable":true,"href":"https:\/\/brazzashop.com\/en\/wp-json\/wp\/v2\/media\/32284"}],"wp:attachment":[{"href":"https:\/\/brazzashop.com\/en\/wp-json\/wp\/v2\/media?parent=32289"}],"wp:term":[{"taxonomy":"product_brand","embeddable":true,"href":"https:\/\/brazzashop.com\/en\/wp-json\/wp\/v2\/product_brand?post=32289"},{"taxonomy":"product_cat","embeddable":true,"href":"https:\/\/brazzashop.com\/en\/wp-json\/wp\/v2\/product_cat?post=32289"},{"taxonomy":"product_tag","embeddable":true,"href":"https:\/\/brazzashop.com\/en\/wp-json\/wp\/v2\/product_tag?post=32289"}],"curies":[{"name":"wp","href":"https:\/\/api.w.org\/{rel}","templated":true}]}}