{"id":32282,"date":"2026-04-17T21:55:37","date_gmt":"2026-04-17T21:55:37","guid":{"rendered":"https:\/\/brazzashop.com\/product\/pulseira-dezena-sao-bento-pedra-natural-tons-de-roxo\/"},"modified":"2026-04-18T00:20:58","modified_gmt":"2026-04-18T00:20:58","slug":"pulseira-dezena-sao-bento-pedra-natural-tons-de-roxo","status":"publish","type":"product","link":"https:\/\/brazzashop.com\/en\/product\/pulseira-dezena-sao-bento-pedra-natural-tons-de-roxo\/","title":{"rendered":"Pulseira Dezena S\u00e3o Bento &#8211; Pedra Natural Tons de Roxo"},"content":{"rendered":"<p>*Descri\u00e7\u00e3o maior:* \u00a0<\/p>\n<p>A Pulseira Dezena S\u00e3o Bento une beleza e prote\u00e7\u00e3o em uma pe\u00e7a delicada. Confeccionada com contas de pedra natural em tons de roxo e lil\u00e1s, traz a poderosa medalha de S\u00e3o Bento, reconhecida por afastar o mal e trazer b\u00ean\u00e7\u00e3os.\u00a0<\/p>\n<p>Finalizada com crucifixo em metal prateado e fecho lagosta para ajuste seguro, \u00e9 perfeita para usar diariamente como s\u00edmbolo de f\u00e9 e amuleto de prote\u00e7\u00e3o. Tamb\u00e9m \u00e9 uma \u00f3tima op\u00e7\u00e3o de presente cheio de significado.<\/p>\n<p>*Material:* Contas de pedra natural e A\u00e7o inoxid\u00e1vel\u00a0<\/p>","protected":false},"excerpt":{"rendered":"<p style=\"text-align: center\" data-mce-style=\"text-align: center;\">Pulseira dezena com contas de pedra natural em tons de roxo e lil\u00e1s, medalha de S\u00e3o Bento e crucifixo em metal prateado. Fecho lagosta para ajuste. Pe\u00e7a delicada de prote\u00e7\u00e3o para o dia a dia.<\/p>","protected":false},"featured_media":32278,"comment_status":"open","ping_status":"closed","template":"","meta":{"_acf_changed":false},"product_brand":[],"product_cat":[44,1210],"product_tag":[1191],"class_list":{"0":"post-32282","1":"product","2":"type-product","3":"status-publish","4":"has-post-thumbnail","6":"product_cat-acessorios","7":"product_cat-joias-e-semi-joias","8":"product_tag-local","10":"first","11":"instock","12":"taxable","13":"shipping-taxable","14":"purchasable","15":"product-type-simple"},"acf":[],"jetpack_sharing_enabled":true,"_links":{"self":[{"href":"https:\/\/brazzashop.com\/en\/wp-json\/wp\/v2\/product\/32282","targetHints":{"allow":["GET"]}}],"collection":[{"href":"https:\/\/brazzashop.com\/en\/wp-json\/wp\/v2\/product"}],"about":[{"href":"https:\/\/brazzashop.com\/en\/wp-json\/wp\/v2\/types\/product"}],"replies":[{"embeddable":true,"href":"https:\/\/brazzashop.com\/en\/wp-json\/wp\/v2\/comments?post=32282"}],"version-history":[{"count":1,"href":"https:\/\/brazzashop.com\/en\/wp-json\/wp\/v2\/product\/32282\/revisions"}],"predecessor-version":[{"id":32310,"href":"https:\/\/brazzashop.com\/en\/wp-json\/wp\/v2\/product\/32282\/revisions\/32310"}],"wp:featuredmedia":[{"embeddable":true,"href":"https:\/\/brazzashop.com\/en\/wp-json\/wp\/v2\/media\/32278"}],"wp:attachment":[{"href":"https:\/\/brazzashop.com\/en\/wp-json\/wp\/v2\/media?parent=32282"}],"wp:term":[{"taxonomy":"product_brand","embeddable":true,"href":"https:\/\/brazzashop.com\/en\/wp-json\/wp\/v2\/product_brand?post=32282"},{"taxonomy":"product_cat","embeddable":true,"href":"https:\/\/brazzashop.com\/en\/wp-json\/wp\/v2\/product_cat?post=32282"},{"taxonomy":"product_tag","embeddable":true,"href":"https:\/\/brazzashop.com\/en\/wp-json\/wp\/v2\/product_tag?post=32282"}],"curies":[{"name":"wp","href":"https:\/\/api.w.org\/{rel}","templated":true}]}}