{"id":32277,"date":"2026-04-17T21:44:25","date_gmt":"2026-04-17T21:44:25","guid":{"rendered":"https:\/\/brazzashop.com\/product\/terco-nossa-senhora-das-gracas-contas-marfim-e-azul\/"},"modified":"2026-04-18T00:19:25","modified_gmt":"2026-04-18T00:19:25","slug":"terco-nossa-senhora-das-gracas-contas-marfim-e-azul","status":"publish","type":"product","link":"https:\/\/brazzashop.com\/en\/product\/terco-nossa-senhora-das-gracas-contas-marfim-e-azul\/","title":{"rendered":"Ter\u00e7o Nossa Senhora das Gra\u00e7as &#8211; Contas Marfim e Azul"},"content":{"rendered":"<p>Fortale\u00e7a sua f\u00e9 com este lindo Ter\u00e7o Nossa Senhora das Gra\u00e7as. Composto por 5 dezenas de contas lisas em tom marfim, intercaladas com contas em azul royal, possui medalha central ricamente trabalhada com a imagem de Nossa Senhora das Gra\u00e7as e crucifixo com detalhes em relevo.<\/p>\n<p>Pe\u00e7a de devo\u00e7\u00e3o e prote\u00e7\u00e3o, ideal para suas ora\u00e7\u00f5es do Ros\u00e1rio, momentos de reflex\u00e3o ou para presentear algu\u00e9m especial. O acabamento delicado e as cores suaves tornam este ter\u00e7o uma lembran\u00e7a cheia de significado e b\u00ean\u00e7\u00e3os.<\/p>\n<p>*Material:* Contas em resina e metal a\u00e7o inoxid\u00e1vel\u00a0<\/p>","protected":false},"excerpt":{"rendered":"<p>Ter\u00e7o tradicional com 5 dezenas, medalha de Nossa Senhora das Gra\u00e7as e crucifixo trabalhado. Contas em tom marfim com detalhes em azul. Perfeito para devo\u00e7\u00e3o e presente.<\/p>","protected":false},"featured_media":32275,"comment_status":"open","ping_status":"closed","template":"","meta":{"_acf_changed":false},"product_brand":[],"product_cat":[44,1210],"product_tag":[1191],"class_list":{"0":"post-32277","1":"product","2":"type-product","3":"status-publish","4":"has-post-thumbnail","6":"product_cat-acessorios","7":"product_cat-joias-e-semi-joias","8":"product_tag-local","10":"first","11":"instock","12":"taxable","13":"shipping-taxable","14":"purchasable","15":"product-type-simple"},"acf":[],"jetpack_sharing_enabled":true,"_links":{"self":[{"href":"https:\/\/brazzashop.com\/en\/wp-json\/wp\/v2\/product\/32277","targetHints":{"allow":["GET"]}}],"collection":[{"href":"https:\/\/brazzashop.com\/en\/wp-json\/wp\/v2\/product"}],"about":[{"href":"https:\/\/brazzashop.com\/en\/wp-json\/wp\/v2\/types\/product"}],"replies":[{"embeddable":true,"href":"https:\/\/brazzashop.com\/en\/wp-json\/wp\/v2\/comments?post=32277"}],"version-history":[{"count":1,"href":"https:\/\/brazzashop.com\/en\/wp-json\/wp\/v2\/product\/32277\/revisions"}],"predecessor-version":[{"id":32308,"href":"https:\/\/brazzashop.com\/en\/wp-json\/wp\/v2\/product\/32277\/revisions\/32308"}],"wp:featuredmedia":[{"embeddable":true,"href":"https:\/\/brazzashop.com\/en\/wp-json\/wp\/v2\/media\/32275"}],"wp:attachment":[{"href":"https:\/\/brazzashop.com\/en\/wp-json\/wp\/v2\/media?parent=32277"}],"wp:term":[{"taxonomy":"product_brand","embeddable":true,"href":"https:\/\/brazzashop.com\/en\/wp-json\/wp\/v2\/product_brand?post=32277"},{"taxonomy":"product_cat","embeddable":true,"href":"https:\/\/brazzashop.com\/en\/wp-json\/wp\/v2\/product_cat?post=32277"},{"taxonomy":"product_tag","embeddable":true,"href":"https:\/\/brazzashop.com\/en\/wp-json\/wp\/v2\/product_tag?post=32277"}],"curies":[{"name":"wp","href":"https:\/\/api.w.org\/{rel}","templated":true}]}}