{"id":32242,"date":"2026-04-13T02:41:54","date_gmt":"2026-04-13T02:41:54","guid":{"rendered":"https:\/\/brazzashop.com\/product\/energia-e-vitalidade\/"},"modified":"2026-04-14T22:52:23","modified_gmt":"2026-04-14T22:52:23","slug":"energia-e-vitalidade","status":"publish","type":"product","link":"https:\/\/brazzashop.com\/en\/product\/energia-e-vitalidade\/","title":{"rendered":"ENERGIA E VITALIDADE"},"content":{"rendered":"<p><\/p>","protected":false},"excerpt":{"rendered":"<blockquote>\n<ol>\n<li dir=\"ltr\" data-mce-style=\"text-align: left;\" style=\"text-align: left\">\u200bEquil\u00edbrio para o seu sistema nervoso e mais vitalidade. As vitaminas do Complexo B auxiliam na sa\u00fade cerebral, melhorando a mem\u00f3ria e ajudando o corpo a lidar melhor com o estresse.<\/li>\n<\/ol>\n<\/blockquote>","protected":false},"featured_media":32241,"comment_status":"open","ping_status":"closed","template":"","meta":{"_acf_changed":false},"product_brand":[],"product_cat":[47],"product_tag":[1192],"class_list":{"0":"post-32242","1":"product","2":"type-product","3":"status-publish","4":"has-post-thumbnail","6":"product_cat-suplementos","7":"product_tag-internacional","9":"first","10":"outofstock","11":"sale","12":"taxable","13":"shipping-taxable","14":"purchasable","15":"product-type-simple"},"acf":[],"jetpack_sharing_enabled":true,"_links":{"self":[{"href":"https:\/\/brazzashop.com\/en\/wp-json\/wp\/v2\/product\/32242","targetHints":{"allow":["GET"]}}],"collection":[{"href":"https:\/\/brazzashop.com\/en\/wp-json\/wp\/v2\/product"}],"about":[{"href":"https:\/\/brazzashop.com\/en\/wp-json\/wp\/v2\/types\/product"}],"replies":[{"embeddable":true,"href":"https:\/\/brazzashop.com\/en\/wp-json\/wp\/v2\/comments?post=32242"}],"version-history":[{"count":1,"href":"https:\/\/brazzashop.com\/en\/wp-json\/wp\/v2\/product\/32242\/revisions"}],"predecessor-version":[{"id":32243,"href":"https:\/\/brazzashop.com\/en\/wp-json\/wp\/v2\/product\/32242\/revisions\/32243"}],"wp:featuredmedia":[{"embeddable":true,"href":"https:\/\/brazzashop.com\/en\/wp-json\/wp\/v2\/media\/32241"}],"wp:attachment":[{"href":"https:\/\/brazzashop.com\/en\/wp-json\/wp\/v2\/media?parent=32242"}],"wp:term":[{"taxonomy":"product_brand","embeddable":true,"href":"https:\/\/brazzashop.com\/en\/wp-json\/wp\/v2\/product_brand?post=32242"},{"taxonomy":"product_cat","embeddable":true,"href":"https:\/\/brazzashop.com\/en\/wp-json\/wp\/v2\/product_cat?post=32242"},{"taxonomy":"product_tag","embeddable":true,"href":"https:\/\/brazzashop.com\/en\/wp-json\/wp\/v2\/product_tag?post=32242"}],"curies":[{"name":"wp","href":"https:\/\/api.w.org\/{rel}","templated":true}]}}