{"id":32237,"date":"2026-04-13T02:20:58","date_gmt":"2026-04-13T02:20:58","guid":{"rendered":"https:\/\/brazzashop.com\/product\/suplementos\/"},"modified":"2026-04-14T22:51:55","modified_gmt":"2026-04-14T22:51:55","slug":"suplementos","status":"publish","type":"product","link":"https:\/\/brazzashop.com\/en\/product\/suplementos\/","title":{"rendered":"\u200bSA\u00daDE ARTICULAR"},"content":{"rendered":"<ol>\n<li>Ossos e articula\u00e7\u00f5es em dia! Esse combo garante que o c\u00e1lcio v\u00e1 para o lugar certo e suas cartilagens fiquem sempre protegidas. O cuidado que seu corpo precisa para n\u00e3o parar nunca.<\/li>\n<\/ol>","protected":false},"excerpt":{"rendered":"<p>FOCO EM SA\u00daDE COMPLETA!<\/p>","protected":false},"featured_media":32236,"comment_status":"open","ping_status":"closed","template":"","meta":{"_acf_changed":false},"product_brand":[],"product_cat":[47],"product_tag":[1192],"class_list":{"0":"post-32237","1":"product","2":"type-product","3":"status-publish","4":"has-post-thumbnail","6":"product_cat-suplementos","7":"product_tag-internacional","9":"first","10":"outofstock","11":"sale","12":"taxable","13":"shipping-taxable","14":"purchasable","15":"product-type-simple"},"acf":[],"jetpack_sharing_enabled":true,"_links":{"self":[{"href":"https:\/\/brazzashop.com\/en\/wp-json\/wp\/v2\/product\/32237","targetHints":{"allow":["GET"]}}],"collection":[{"href":"https:\/\/brazzashop.com\/en\/wp-json\/wp\/v2\/product"}],"about":[{"href":"https:\/\/brazzashop.com\/en\/wp-json\/wp\/v2\/types\/product"}],"replies":[{"embeddable":true,"href":"https:\/\/brazzashop.com\/en\/wp-json\/wp\/v2\/comments?post=32237"}],"version-history":[{"count":2,"href":"https:\/\/brazzashop.com\/en\/wp-json\/wp\/v2\/product\/32237\/revisions"}],"predecessor-version":[{"id":32239,"href":"https:\/\/brazzashop.com\/en\/wp-json\/wp\/v2\/product\/32237\/revisions\/32239"}],"wp:featuredmedia":[{"embeddable":true,"href":"https:\/\/brazzashop.com\/en\/wp-json\/wp\/v2\/media\/32236"}],"wp:attachment":[{"href":"https:\/\/brazzashop.com\/en\/wp-json\/wp\/v2\/media?parent=32237"}],"wp:term":[{"taxonomy":"product_brand","embeddable":true,"href":"https:\/\/brazzashop.com\/en\/wp-json\/wp\/v2\/product_brand?post=32237"},{"taxonomy":"product_cat","embeddable":true,"href":"https:\/\/brazzashop.com\/en\/wp-json\/wp\/v2\/product_cat?post=32237"},{"taxonomy":"product_tag","embeddable":true,"href":"https:\/\/brazzashop.com\/en\/wp-json\/wp\/v2\/product_tag?post=32237"}],"curies":[{"name":"wp","href":"https:\/\/api.w.org\/{rel}","templated":true}]}}