{"id":32221,"date":"2026-04-12T18:47:02","date_gmt":"2026-04-12T18:47:02","guid":{"rendered":"https:\/\/brazzashop.com\/product\/forma-pirulito-redondo-liso-60mm-9789-d6-em-acetato-bmb\/"},"modified":"2026-04-12T18:48:53","modified_gmt":"2026-04-12T18:48:53","slug":"forma-pirulito-redondo-liso-60mm-9789-d6-em-acetato-bmb","status":"publish","type":"product","link":"https:\/\/brazzashop.com\/en\/product\/forma-pirulito-redondo-liso-60mm-9789-d6-em-acetato-bmb\/","title":{"rendered":"Forma pirulito redondo liso 60mm 9789 (D6) em acetato BMB"},"content":{"rendered":"<p>Cont\u00e9m 6 cavidades<\/p>\n<p>dimens\u00f5es (mm)<\/p>\n<p>di\u00e2metro 60x alt..8<\/p>\n<p>peso M\u00e9dio 25g<\/p>\n<p><\/p>","protected":false},"excerpt":{"rendered":"<p>Ideias para produ\u00e7\u00e3o de pirulitos de chocolate com muito mais eleg\u00e2ncia e praticidade.<\/p>","protected":false},"featured_media":32220,"comment_status":"open","ping_status":"closed","template":"","meta":{"_acf_changed":false},"product_brand":[],"product_cat":[52],"product_tag":[1191],"class_list":{"0":"post-32221","1":"product","2":"type-product","3":"status-publish","4":"has-post-thumbnail","6":"product_cat-festa","7":"product_tag-local","9":"first","10":"instock","11":"taxable","12":"shipping-taxable","13":"purchasable","14":"product-type-simple"},"acf":[],"jetpack_sharing_enabled":true,"_links":{"self":[{"href":"https:\/\/brazzashop.com\/en\/wp-json\/wp\/v2\/product\/32221","targetHints":{"allow":["GET"]}}],"collection":[{"href":"https:\/\/brazzashop.com\/en\/wp-json\/wp\/v2\/product"}],"about":[{"href":"https:\/\/brazzashop.com\/en\/wp-json\/wp\/v2\/types\/product"}],"replies":[{"embeddable":true,"href":"https:\/\/brazzashop.com\/en\/wp-json\/wp\/v2\/comments?post=32221"}],"version-history":[{"count":1,"href":"https:\/\/brazzashop.com\/en\/wp-json\/wp\/v2\/product\/32221\/revisions"}],"predecessor-version":[{"id":32222,"href":"https:\/\/brazzashop.com\/en\/wp-json\/wp\/v2\/product\/32221\/revisions\/32222"}],"wp:featuredmedia":[{"embeddable":true,"href":"https:\/\/brazzashop.com\/en\/wp-json\/wp\/v2\/media\/32220"}],"wp:attachment":[{"href":"https:\/\/brazzashop.com\/en\/wp-json\/wp\/v2\/media?parent=32221"}],"wp:term":[{"taxonomy":"product_brand","embeddable":true,"href":"https:\/\/brazzashop.com\/en\/wp-json\/wp\/v2\/product_brand?post=32221"},{"taxonomy":"product_cat","embeddable":true,"href":"https:\/\/brazzashop.com\/en\/wp-json\/wp\/v2\/product_cat?post=32221"},{"taxonomy":"product_tag","embeddable":true,"href":"https:\/\/brazzashop.com\/en\/wp-json\/wp\/v2\/product_tag?post=32221"}],"curies":[{"name":"wp","href":"https:\/\/api.w.org\/{rel}","templated":true}]}}