{"id":32217,"date":"2026-04-12T03:05:43","date_gmt":"2026-04-12T03:05:43","guid":{"rendered":"https:\/\/brazzashop.com\/product\/vestido-canelado-tricot-brasil-inspirado-no-modelo-da-virginia-tamanho-unico\/"},"modified":"2026-04-14T22:49:48","modified_gmt":"2026-04-14T22:49:48","slug":"vestido-canelado-tricot-brasil-inspirado-no-modelo-da-virginia-tamanho-unico","status":"publish","type":"product","link":"https:\/\/brazzashop.com\/en\/product\/vestido-canelado-tricot-brasil-inspirado-no-modelo-da-virginia-tamanho-unico\/","title":{"rendered":"Vestido canelado tricot Brasil inspirado no modelo da Virg\u00ednia, Tamanho \u00fanico"},"content":{"rendered":"<p><\/p>","protected":false},"excerpt":{"rendered":"<p>\u00a0Vestido feminino em tricot com listras inspiradas nas cores do Brasil. Modelo confort\u00e1vel, estiloso e com \u00f3timo caimento. Tamanho \u00fanico, vestindo geralmente P, M e podendo servir alguns G, conforme o corpo.<\/p>\n<p><\/p>","protected":false},"featured_media":32214,"comment_status":"open","ping_status":"closed","template":"","meta":{"_acf_changed":false},"product_brand":[],"product_cat":[1202],"product_tag":[1191],"class_list":{"0":"post-32217","1":"product","2":"type-product","3":"status-publish","4":"has-post-thumbnail","6":"product_cat-moda","7":"product_tag-local","9":"first","10":"outofstock","11":"taxable","12":"shipping-taxable","13":"purchasable","14":"product-type-simple"},"acf":[],"jetpack_sharing_enabled":true,"_links":{"self":[{"href":"https:\/\/brazzashop.com\/en\/wp-json\/wp\/v2\/product\/32217","targetHints":{"allow":["GET"]}}],"collection":[{"href":"https:\/\/brazzashop.com\/en\/wp-json\/wp\/v2\/product"}],"about":[{"href":"https:\/\/brazzashop.com\/en\/wp-json\/wp\/v2\/types\/product"}],"replies":[{"embeddable":true,"href":"https:\/\/brazzashop.com\/en\/wp-json\/wp\/v2\/comments?post=32217"}],"version-history":[{"count":1,"href":"https:\/\/brazzashop.com\/en\/wp-json\/wp\/v2\/product\/32217\/revisions"}],"predecessor-version":[{"id":32250,"href":"https:\/\/brazzashop.com\/en\/wp-json\/wp\/v2\/product\/32217\/revisions\/32250"}],"wp:featuredmedia":[{"embeddable":true,"href":"https:\/\/brazzashop.com\/en\/wp-json\/wp\/v2\/media\/32214"}],"wp:attachment":[{"href":"https:\/\/brazzashop.com\/en\/wp-json\/wp\/v2\/media?parent=32217"}],"wp:term":[{"taxonomy":"product_brand","embeddable":true,"href":"https:\/\/brazzashop.com\/en\/wp-json\/wp\/v2\/product_brand?post=32217"},{"taxonomy":"product_cat","embeddable":true,"href":"https:\/\/brazzashop.com\/en\/wp-json\/wp\/v2\/product_cat?post=32217"},{"taxonomy":"product_tag","embeddable":true,"href":"https:\/\/brazzashop.com\/en\/wp-json\/wp\/v2\/product_tag?post=32217"}],"curies":[{"name":"wp","href":"https:\/\/api.w.org\/{rel}","templated":true}]}}