{"id":32178,"date":"2026-04-12T02:16:38","date_gmt":"2026-04-12T02:16:38","guid":{"rendered":"https:\/\/brazzashop.com\/product\/carimbos-para-brigadeiros-docinhos-menina-russa\/"},"modified":"2026-04-12T02:16:38","modified_gmt":"2026-04-12T02:16:38","slug":"carimbos-para-brigadeiros-docinhos-menina-russa","status":"publish","type":"product","link":"https:\/\/brazzashop.com\/en\/product\/carimbos-para-brigadeiros-docinhos-menina-russa\/","title":{"rendered":"Carimbos para brigadeiros, docinhos menina russa"},"content":{"rendered":"<div class=\"row-fluid\" style=\"margin: 0px;padding: 0px;width: 420px\">\n<div class=\"span12\" style=\"margin: 0px;padding: 0px;width: 420px;float: none;min-height: 30px\">\n<div class=\"abas-custom\" style=\"margin: 0px;padding: 0px\">\n<div class=\"tab-content\" style=\"margin: 0px;padding: 0px;overflow: auto;box-shadow: none\">\n<div class=\"tab-pane active\" id=\"descricao\" style=\"margin: 0px;padding: 0px\">\n<p style=\"margin: 0px 0px 10px;padding: 0px;font-size: 15px !important\">Cont\u00e9m: 6 modelos de carimbo.<br style=\"margin: 0px;padding: 0px\"><br style=\"margin: 0px;padding: 0px\">Tamanho aproximado do desenho: 1,5 cm a 1,8cm<br style=\"margin: 0px;padding: 0px\"><br style=\"margin: 0px;padding: 0px\">Tamanho das bases: 3,5cm x 2,00cm<br style=\"margin: 0px;padding: 0px\"><br style=\"margin: 0px;padding: 0px\">Profundidade do desenho: 0,6cm<br style=\"margin: 0px;padding: 0px\"><br style=\"margin: 0px;padding: 0px\">Indicado para docinhos de 14 a 20 gramas.<br style=\"margin: 0px;padding: 0px\"><br style=\"margin: 0px;padding: 0px\">Instru\u00e7\u00f5es de uso: Os carimbos n\u00e3o dever\u00e3o ser expostos a temperatura superior a 40\u00b0. Para limpar utilizar \u00e1gua corrente e detergente neutro.<br style=\"margin: 0px;padding: 0px\"><br style=\"margin: 0px;padding: 0px\">Cor: N\u00e3o possui uma cor espec\u00edfica, ser\u00e1 enviado a que estiver dispon\u00edvel no estoque.<br style=\"margin: 0px;padding: 0px\"><br style=\"margin: 0px;padding: 0px\">Material: Pl\u00e1stico ( PLA, material biodegrad\u00e1vel fabricado a partir do processamento de milho ou cana de a\u00e7\u00facar).<\/p>\n<\/div>\n<\/div>\n<\/div>\n<\/div>\n<\/div>\n<div class=\"row-fluid\" style=\"margin: 0px 0px 20px;padding: 0px;width: 420px\">\n<div class=\"span12\">\n<div id=\"smarthint-product-position3\" style=\"margin: 0px;padding: 0px\"><\/div>\n<div id=\"blank-product-position3\" style=\"margin: 0px;padding: 0px\"><\/div>\n<div class=\"listagem  aproveite-tambem borda-alpha\" style=\"margin: 0px;padding: 0px\"><\/div>\n<\/div>\n<p><br class=\"Apple-interchange-newline\"><\/div>","protected":false},"excerpt":{"rendered":"<p>kits com 6 carimbos para decorar docinhos menina russa<\/p>","protected":false},"featured_media":32169,"comment_status":"open","ping_status":"closed","template":"","meta":{"_acf_changed":false},"product_brand":[],"product_cat":[52],"product_tag":[1191],"class_list":{"0":"post-32178","1":"product","2":"type-product","3":"status-publish","4":"has-post-thumbnail","6":"product_cat-festa","7":"product_tag-local","9":"first","10":"instock","11":"taxable","12":"shipping-taxable","13":"purchasable","14":"product-type-simple"},"acf":[],"jetpack_sharing_enabled":true,"_links":{"self":[{"href":"https:\/\/brazzashop.com\/en\/wp-json\/wp\/v2\/product\/32178","targetHints":{"allow":["GET"]}}],"collection":[{"href":"https:\/\/brazzashop.com\/en\/wp-json\/wp\/v2\/product"}],"about":[{"href":"https:\/\/brazzashop.com\/en\/wp-json\/wp\/v2\/types\/product"}],"replies":[{"embeddable":true,"href":"https:\/\/brazzashop.com\/en\/wp-json\/wp\/v2\/comments?post=32178"}],"version-history":[{"count":0,"href":"https:\/\/brazzashop.com\/en\/wp-json\/wp\/v2\/product\/32178\/revisions"}],"wp:featuredmedia":[{"embeddable":true,"href":"https:\/\/brazzashop.com\/en\/wp-json\/wp\/v2\/media\/32169"}],"wp:attachment":[{"href":"https:\/\/brazzashop.com\/en\/wp-json\/wp\/v2\/media?parent=32178"}],"wp:term":[{"taxonomy":"product_brand","embeddable":true,"href":"https:\/\/brazzashop.com\/en\/wp-json\/wp\/v2\/product_brand?post=32178"},{"taxonomy":"product_cat","embeddable":true,"href":"https:\/\/brazzashop.com\/en\/wp-json\/wp\/v2\/product_cat?post=32178"},{"taxonomy":"product_tag","embeddable":true,"href":"https:\/\/brazzashop.com\/en\/wp-json\/wp\/v2\/product_tag?post=32178"}],"curies":[{"name":"wp","href":"https:\/\/api.w.org\/{rel}","templated":true}]}}