{"id":32168,"date":"2026-04-12T02:09:00","date_gmt":"2026-04-12T02:09:00","guid":{"rendered":"https:\/\/brazzashop.com\/product\/carimbos-para-brigadeiros-docinhos-unicornio\/"},"modified":"2026-04-12T02:09:00","modified_gmt":"2026-04-12T02:09:00","slug":"carimbos-para-brigadeiros-docinhos-unicornio","status":"publish","type":"product","link":"https:\/\/brazzashop.com\/en\/product\/carimbos-para-brigadeiros-docinhos-unicornio\/","title":{"rendered":"Carimbos para brigadeiros, docinhos unic\u00f3rnio"},"content":{"rendered":"<p>Kit com 3 unidades de Carimbos.<\/p>\n<p>Cont\u00e9m: Arco-\u00edris, Unic\u00f3rnio e La\u00e7o.<\/p>\n<p>Tamanho aproximado do desenho: 1,5 cm a 1,8cm<\/p>\n<p>Tamanho das bases: 3,5cm x 2,00cm<\/p>\n<p>Profundidade do desenho: 0,5cm<\/p>\n<p>Indicado para docinhos de 14 a 20 gramas.<\/p>\n<p>Ideais para brigadeiros, os carimbos tamb\u00e9m podem ser utilizados em pasta americana, pasta de leite em p\u00f3, biscuit e outras massas similares.<\/p>\n<p>Instru\u00e7\u00f5es de uso: Os carimbos n\u00e3o dever\u00e3o ser expostos a temperatura superior a 40\u00b0. Para limpar utilizar \u00e1gua corrente e detergente neutro.<\/p>\n<p>Cor: N\u00e3o possui uma cor espec\u00edfica, ser\u00e1 enviado a que estiver dispon\u00edvel no estoque.<\/p>\n<p>Material: Pl\u00e1stico ( PLA, material biodegrad\u00e1vel fabricado a partir do processamento de milho ou cana de a\u00e7\u00facar).<\/p>","protected":false},"excerpt":{"rendered":"<p>Kit com 3 p\u00e7s de carimbos para docinhos, brigadeiros tem\u00e1ticos unic\u00f3rnio\u00a0<\/p>","protected":false},"featured_media":32165,"comment_status":"open","ping_status":"closed","template":"","meta":{"_acf_changed":false},"product_brand":[],"product_cat":[52],"product_tag":[1191],"class_list":{"0":"post-32168","1":"product","2":"type-product","3":"status-publish","4":"has-post-thumbnail","6":"product_cat-festa","7":"product_tag-local","9":"first","10":"instock","11":"taxable","12":"shipping-taxable","13":"purchasable","14":"product-type-simple"},"acf":[],"jetpack_sharing_enabled":true,"_links":{"self":[{"href":"https:\/\/brazzashop.com\/en\/wp-json\/wp\/v2\/product\/32168","targetHints":{"allow":["GET"]}}],"collection":[{"href":"https:\/\/brazzashop.com\/en\/wp-json\/wp\/v2\/product"}],"about":[{"href":"https:\/\/brazzashop.com\/en\/wp-json\/wp\/v2\/types\/product"}],"replies":[{"embeddable":true,"href":"https:\/\/brazzashop.com\/en\/wp-json\/wp\/v2\/comments?post=32168"}],"version-history":[{"count":0,"href":"https:\/\/brazzashop.com\/en\/wp-json\/wp\/v2\/product\/32168\/revisions"}],"wp:featuredmedia":[{"embeddable":true,"href":"https:\/\/brazzashop.com\/en\/wp-json\/wp\/v2\/media\/32165"}],"wp:attachment":[{"href":"https:\/\/brazzashop.com\/en\/wp-json\/wp\/v2\/media?parent=32168"}],"wp:term":[{"taxonomy":"product_brand","embeddable":true,"href":"https:\/\/brazzashop.com\/en\/wp-json\/wp\/v2\/product_brand?post=32168"},{"taxonomy":"product_cat","embeddable":true,"href":"https:\/\/brazzashop.com\/en\/wp-json\/wp\/v2\/product_cat?post=32168"},{"taxonomy":"product_tag","embeddable":true,"href":"https:\/\/brazzashop.com\/en\/wp-json\/wp\/v2\/product_tag?post=32168"}],"curies":[{"name":"wp","href":"https:\/\/api.w.org\/{rel}","templated":true}]}}