{"id":32131,"date":"2026-04-12T01:36:57","date_gmt":"2026-04-12T01:36:57","guid":{"rendered":"https:\/\/brazzashop.com\/product\/carimbos-para-docinhos-safari-contem-6-pcs\/"},"modified":"2026-04-12T01:39:32","modified_gmt":"2026-04-12T01:39:32","slug":"carimbos-para-docinhos-safari-contem-6-pcs","status":"publish","type":"product","link":"https:\/\/brazzashop.com\/en\/product\/carimbos-para-docinhos-safari-contem-6-pcs\/","title":{"rendered":"Carimbos para docinhos Safari cont\u00e9m 6 p\u00e7s"},"content":{"rendered":"<p>Cont\u00e9m: 6 modelos de carimbo.<\/p>\n<p>Tamanho aproximado do desenho: 1,5 cm a 1,8cm<\/p>\n<p>Tamanho das bases: 3,5cm x 2,00cm<\/p>\n<p>Profundidade do desenho: 0,6cm<\/p>\n<p>Indicado para docinhos de 14 a 20 gramas.<\/p>\n<p>Ideais para brigadeiros, os carimbos tamb\u00e9m podem ser utilizados em pasta americana, pasta de leite em p\u00f3, biscuit e outras massas similares.<\/p>\n<p>Instru\u00e7\u00f5es de uso: Os carimbos n\u00e3o dever\u00e3o ser expostos a temperatura superior a 40\u00b0. Para limpar utilizar \u00e1gua corrente e detergente neutro.<\/p>\n<p>Cor: N\u00e3o possui uma cor espec\u00edfica, ser\u00e1 enviado a que estiver dispon\u00edvel no estoque.<\/p>\n<p>Material: Pl\u00e1stico ( PLA, material biodegrad\u00e1vel fabricado a partir do processamento de milho ou cana de a\u00e7\u00facar).<\/p>","protected":false},"excerpt":{"rendered":"<p>Carimbinho decorativo com 6 unidades para personalizar brigadeiros, docinhos tema safari. Ideal para festas e eventos especiais.<\/p>\n<p><\/p>","protected":false},"featured_media":32132,"comment_status":"open","ping_status":"closed","template":"","meta":{"_acf_changed":false},"product_brand":[],"product_cat":[],"product_tag":[],"class_list":{"0":"post-32131","1":"product","2":"type-product","3":"status-publish","4":"has-post-thumbnail","7":"first","8":"instock","9":"taxable","10":"shipping-taxable","11":"purchasable","12":"product-type-simple"},"acf":[],"jetpack_sharing_enabled":true,"_links":{"self":[{"href":"https:\/\/brazzashop.com\/en\/wp-json\/wp\/v2\/product\/32131","targetHints":{"allow":["GET"]}}],"collection":[{"href":"https:\/\/brazzashop.com\/en\/wp-json\/wp\/v2\/product"}],"about":[{"href":"https:\/\/brazzashop.com\/en\/wp-json\/wp\/v2\/types\/product"}],"replies":[{"embeddable":true,"href":"https:\/\/brazzashop.com\/en\/wp-json\/wp\/v2\/comments?post=32131"}],"version-history":[{"count":1,"href":"https:\/\/brazzashop.com\/en\/wp-json\/wp\/v2\/product\/32131\/revisions"}],"predecessor-version":[{"id":32140,"href":"https:\/\/brazzashop.com\/en\/wp-json\/wp\/v2\/product\/32131\/revisions\/32140"}],"wp:featuredmedia":[{"embeddable":true,"href":"https:\/\/brazzashop.com\/en\/wp-json\/wp\/v2\/media\/32132"}],"wp:attachment":[{"href":"https:\/\/brazzashop.com\/en\/wp-json\/wp\/v2\/media?parent=32131"}],"wp:term":[{"taxonomy":"product_brand","embeddable":true,"href":"https:\/\/brazzashop.com\/en\/wp-json\/wp\/v2\/product_brand?post=32131"},{"taxonomy":"product_cat","embeddable":true,"href":"https:\/\/brazzashop.com\/en\/wp-json\/wp\/v2\/product_cat?post=32131"},{"taxonomy":"product_tag","embeddable":true,"href":"https:\/\/brazzashop.com\/en\/wp-json\/wp\/v2\/product_tag?post=32131"}],"curies":[{"name":"wp","href":"https:\/\/api.w.org\/{rel}","templated":true}]}}