{"id":32127,"date":"2026-04-12T01:24:49","date_gmt":"2026-04-12T01:24:49","guid":{"rendered":"https:\/\/brazzashop.com\/product\/carimbinho-para-docinhos-tema-noivado-casamento\/"},"modified":"2026-04-12T01:24:49","modified_gmt":"2026-04-12T01:24:49","slug":"carimbinho-para-docinhos-tema-noivado-casamento","status":"publish","type":"product","link":"https:\/\/brazzashop.com\/en\/product\/carimbinho-para-docinhos-tema-noivado-casamento\/","title":{"rendered":"Carimbinho para Docinhos Tema Noivado, Casamento"},"content":{"rendered":"<p><span>Kit com 6 unidades de Carimbos.<\/span><\/p>\n<p><span>Tamanho aproximado do desenho: 1,5 cm a 1,8cm<\/span><\/p>\n<p><span>Tamanho das bases: 3,5cm x 2,00cm<\/span><\/p>\n<p><span>Profundidade do desenho: 0,5cm<\/span><\/p>\n<p><span>Indicado para docinhos de 14 a 20 gramas.<\/span><\/p>\n<p><span>Ideais para brigadeiros, os carimbos tamb\u00e9m podem ser utilizados em pasta americana, pasta de leite em p\u00f3, biscuit e outras massas similares.<\/span><\/p>\n<p><span>Instru\u00e7\u00f5es de uso: Os carimbos n\u00e3o dever\u00e3o ser expostos a temperatura superior a 40\u00b0. Para limpar utilizar \u00e1gua corrente e detergente neutro.<\/span><\/p>\n<p><span>Cor: N\u00e3o possui uma cor espec\u00edfica, ser\u00e1 enviado a que estiver dispon\u00edvel no estoque.<\/span><\/p>\n<p><span>Material: Pl\u00e1stico ( PLA, material biodegrad\u00e1vel fabricado a partir do processamento de milho ou cana de a\u00e7\u00facar).<\/span><br \/><br data-mce-bogus=\"1\"><\/p>","protected":false},"excerpt":{"rendered":"<p><span>Carimbinho decorativo com 6 unidades para personalizar brigadeiros, docinhos e biscoitos de noivado ou casamento. Ideal para festas e eventos especiais.<\/span><\/p>\n<p><span><br \/><\/span><\/p>","protected":false},"featured_media":32120,"comment_status":"open","ping_status":"closed","template":"","meta":{"_acf_changed":false},"product_brand":[],"product_cat":[52],"product_tag":[1191],"class_list":{"0":"post-32127","1":"product","2":"type-product","3":"status-publish","4":"has-post-thumbnail","6":"product_cat-festa","7":"product_tag-local","9":"first","10":"instock","11":"taxable","12":"shipping-taxable","13":"purchasable","14":"product-type-simple"},"acf":[],"jetpack_sharing_enabled":true,"_links":{"self":[{"href":"https:\/\/brazzashop.com\/en\/wp-json\/wp\/v2\/product\/32127","targetHints":{"allow":["GET"]}}],"collection":[{"href":"https:\/\/brazzashop.com\/en\/wp-json\/wp\/v2\/product"}],"about":[{"href":"https:\/\/brazzashop.com\/en\/wp-json\/wp\/v2\/types\/product"}],"replies":[{"embeddable":true,"href":"https:\/\/brazzashop.com\/en\/wp-json\/wp\/v2\/comments?post=32127"}],"version-history":[{"count":0,"href":"https:\/\/brazzashop.com\/en\/wp-json\/wp\/v2\/product\/32127\/revisions"}],"wp:featuredmedia":[{"embeddable":true,"href":"https:\/\/brazzashop.com\/en\/wp-json\/wp\/v2\/media\/32120"}],"wp:attachment":[{"href":"https:\/\/brazzashop.com\/en\/wp-json\/wp\/v2\/media?parent=32127"}],"wp:term":[{"taxonomy":"product_brand","embeddable":true,"href":"https:\/\/brazzashop.com\/en\/wp-json\/wp\/v2\/product_brand?post=32127"},{"taxonomy":"product_cat","embeddable":true,"href":"https:\/\/brazzashop.com\/en\/wp-json\/wp\/v2\/product_cat?post=32127"},{"taxonomy":"product_tag","embeddable":true,"href":"https:\/\/brazzashop.com\/en\/wp-json\/wp\/v2\/product_tag?post=32127"}],"curies":[{"name":"wp","href":"https:\/\/api.w.org\/{rel}","templated":true}]}}