{"id":32108,"date":"2026-04-12T01:06:31","date_gmt":"2026-04-12T01:06:31","guid":{"rendered":"https:\/\/brazzashop.com\/product\/carimbinhos-tema-boneca-para-docinhos-5-pecas\/"},"modified":"2026-04-12T01:07:52","modified_gmt":"2026-04-12T01:07:52","slug":"carimbinhos-tema-boneca-para-docinhos-5-pecas","status":"publish","type":"product","link":"https:\/\/brazzashop.com\/en\/product\/carimbinhos-tema-boneca-para-docinhos-5-pecas\/","title":{"rendered":"Carimbinhos Tema Boneca para Docinhos \u2013 5 Pe\u00e7as"},"content":{"rendered":"<p>Kit com 5 carimbinhos inspirados no universo das bonecas, ideal para personalizar brigadeiros, doces finos, biscoitos e pasta americana com muito charme. F\u00e1cil de usar e \u00f3timo para deixar a mesa da festa ainda mais bonita. Excelente op\u00e7\u00e3o para anivers\u00e1rios, eventos tem\u00e1ticos e quem ama detalhes delicados na decora\u00e7\u00e3o dos doces.<\/p>","protected":false},"excerpt":{"rendered":"<p>Kit com 5 carimbinhos tema boneca para decorar brigadeiros, docinhos e pasta americana. Perfeito para festas e lembrancinhas.<\/p>","protected":false},"featured_media":32101,"comment_status":"open","ping_status":"closed","template":"","meta":{"_acf_changed":false},"product_brand":[],"product_cat":[52],"product_tag":[1191],"class_list":{"0":"post-32108","1":"product","2":"type-product","3":"status-publish","4":"has-post-thumbnail","6":"product_cat-festa","7":"product_tag-local","9":"first","10":"instock","11":"taxable","12":"shipping-taxable","13":"purchasable","14":"product-type-simple"},"acf":[],"jetpack_sharing_enabled":true,"_links":{"self":[{"href":"https:\/\/brazzashop.com\/en\/wp-json\/wp\/v2\/product\/32108","targetHints":{"allow":["GET"]}}],"collection":[{"href":"https:\/\/brazzashop.com\/en\/wp-json\/wp\/v2\/product"}],"about":[{"href":"https:\/\/brazzashop.com\/en\/wp-json\/wp\/v2\/types\/product"}],"replies":[{"embeddable":true,"href":"https:\/\/brazzashop.com\/en\/wp-json\/wp\/v2\/comments?post=32108"}],"version-history":[{"count":2,"href":"https:\/\/brazzashop.com\/en\/wp-json\/wp\/v2\/product\/32108\/revisions"}],"predecessor-version":[{"id":32110,"href":"https:\/\/brazzashop.com\/en\/wp-json\/wp\/v2\/product\/32108\/revisions\/32110"}],"wp:featuredmedia":[{"embeddable":true,"href":"https:\/\/brazzashop.com\/en\/wp-json\/wp\/v2\/media\/32101"}],"wp:attachment":[{"href":"https:\/\/brazzashop.com\/en\/wp-json\/wp\/v2\/media?parent=32108"}],"wp:term":[{"taxonomy":"product_brand","embeddable":true,"href":"https:\/\/brazzashop.com\/en\/wp-json\/wp\/v2\/product_brand?post=32108"},{"taxonomy":"product_cat","embeddable":true,"href":"https:\/\/brazzashop.com\/en\/wp-json\/wp\/v2\/product_cat?post=32108"},{"taxonomy":"product_tag","embeddable":true,"href":"https:\/\/brazzashop.com\/en\/wp-json\/wp\/v2\/product_tag?post=32108"}],"curies":[{"name":"wp","href":"https:\/\/api.w.org\/{rel}","templated":true}]}}