{"id":31889,"date":"2026-03-25T03:03:19","date_gmt":"2026-03-25T03:03:19","guid":{"rendered":"https:\/\/brazzashop.com\/?post_type=product&#038;p=31889"},"modified":"2026-03-26T01:02:22","modified_gmt":"2026-03-26T01:02:22","slug":"kit-cebolinha-jequiti-sabonete-colonia-infantil-25ml-importado-do-brasil-copia-copia","status":"publish","type":"product","link":"https:\/\/brazzashop.com\/en\/product\/kit-cebolinha-jequiti-sabonete-colonia-infantil-25ml-importado-do-brasil-copia-copia\/","title":{"rendered":"Kit Cebolinha Jequiti \u2013 Sabonete + Col\u00f4nia Infantil 25ml | Importado do Brasil (c\u00f3pia) (c\u00f3pia)"},"content":{"rendered":"<p>O kit Cebolinha da Jequiti \u00e9 perfeito para o cuidado e perfuma\u00e7\u00e3o das crian\u00e7as, trazendo um toque especial da inf\u00e2ncia brasileira. Composto por sabonete e col\u00f4nia de 25ml, possui fragr\u00e2ncia leve e agrad\u00e1vel, ideal para uso di\u00e1rio. Inspirado em um dos personagens mais queridos do Brasil, transforma a rotina em um momento divertido, cheio de carinho e nostalgia. Produto importado do Brasil.<\/p>","protected":false},"excerpt":{"rendered":"<p>Kit infantil do Cebolinha da Jequiti com sabonete e col\u00f4nia 25ml. Um cl\u00e1ssico brasileiro que traz a nostalgia da inf\u00e2ncia, com fragr\u00e2ncia suave e ideal para o dia a dia das crian\u00e7as.<\/p>","protected":false},"featured_media":31831,"comment_status":"open","ping_status":"closed","template":"","meta":{"_acf_changed":false},"product_brand":[],"product_cat":[46],"product_tag":[1191],"class_list":{"0":"post-31889","1":"product","2":"type-product","3":"status-publish","4":"has-post-thumbnail","6":"product_cat-beleza","7":"product_tag-local","9":"first","10":"instock","11":"sold-individually","12":"taxable","13":"shipping-taxable","14":"purchasable","15":"product-type-simple"},"acf":[],"jetpack_sharing_enabled":true,"_links":{"self":[{"href":"https:\/\/brazzashop.com\/en\/wp-json\/wp\/v2\/product\/31889","targetHints":{"allow":["GET"]}}],"collection":[{"href":"https:\/\/brazzashop.com\/en\/wp-json\/wp\/v2\/product"}],"about":[{"href":"https:\/\/brazzashop.com\/en\/wp-json\/wp\/v2\/types\/product"}],"replies":[{"embeddable":true,"href":"https:\/\/brazzashop.com\/en\/wp-json\/wp\/v2\/comments?post=31889"}],"version-history":[{"count":3,"href":"https:\/\/brazzashop.com\/en\/wp-json\/wp\/v2\/product\/31889\/revisions"}],"predecessor-version":[{"id":31930,"href":"https:\/\/brazzashop.com\/en\/wp-json\/wp\/v2\/product\/31889\/revisions\/31930"}],"wp:featuredmedia":[{"embeddable":true,"href":"https:\/\/brazzashop.com\/en\/wp-json\/wp\/v2\/media\/31831"}],"wp:attachment":[{"href":"https:\/\/brazzashop.com\/en\/wp-json\/wp\/v2\/media?parent=31889"}],"wp:term":[{"taxonomy":"product_brand","embeddable":true,"href":"https:\/\/brazzashop.com\/en\/wp-json\/wp\/v2\/product_brand?post=31889"},{"taxonomy":"product_cat","embeddable":true,"href":"https:\/\/brazzashop.com\/en\/wp-json\/wp\/v2\/product_cat?post=31889"},{"taxonomy":"product_tag","embeddable":true,"href":"https:\/\/brazzashop.com\/en\/wp-json\/wp\/v2\/product_tag?post=31889"}],"curies":[{"name":"wp","href":"https:\/\/api.w.org\/{rel}","templated":true}]}}