{"id":31840,"date":"2026-03-19T18:10:23","date_gmt":"2026-03-19T18:10:23","guid":{"rendered":"https:\/\/brazzashop.com\/product\/livro-infantil-oracoes-para-meninos\/"},"modified":"2026-03-26T01:07:22","modified_gmt":"2026-03-26T01:07:22","slug":"livro-infantil-oracoes-para-meninos","status":"publish","type":"product","link":"https:\/\/brazzashop.com\/en\/product\/livro-infantil-oracoes-para-meninos\/","title":{"rendered":"Livro Infantil \u201cOra\u00e7\u00f5es para Meninos\u201c"},"content":{"rendered":"<p>O livro Ora\u00e7\u00f5es para Meninos \u00e9 uma op\u00e7\u00e3o especial para quem busca incentivar momentos de f\u00e9 no dia a dia das crian\u00e7as. Com um formato pensado para o p\u00fablico infantil, pode ser utilizado em momentos como antes de dormir, durante a rotina familiar ou como presente significativo. Um item simples e simb\u00f3lico para acompanhar a espiritualidade desde cedo.<\/p>","protected":false},"excerpt":{"rendered":"<blockquote>\n<ol>\n<li>Livro infantil \u201cOra\u00e7\u00f5es para Meninos\u201d. Ideal para momentos de f\u00e9 e conex\u00e3o no dia a <del>dia.<\/del><\/li>\n<\/ol>\n<\/blockquote>","protected":false},"featured_media":31839,"comment_status":"open","ping_status":"closed","template":"","meta":{"_acf_changed":false},"product_brand":[],"product_cat":[51],"product_tag":[1191,1192],"class_list":{"0":"post-31840","1":"product","2":"type-product","3":"status-publish","4":"has-post-thumbnail","6":"product_cat-livros","7":"product_tag-local","8":"product_tag-internacional","10":"first","11":"instock","12":"sale","13":"sold-individually","14":"taxable","15":"shipping-taxable","16":"purchasable","17":"product-type-simple"},"acf":[],"jetpack_sharing_enabled":true,"_links":{"self":[{"href":"https:\/\/brazzashop.com\/en\/wp-json\/wp\/v2\/product\/31840","targetHints":{"allow":["GET"]}}],"collection":[{"href":"https:\/\/brazzashop.com\/en\/wp-json\/wp\/v2\/product"}],"about":[{"href":"https:\/\/brazzashop.com\/en\/wp-json\/wp\/v2\/types\/product"}],"replies":[{"embeddable":true,"href":"https:\/\/brazzashop.com\/en\/wp-json\/wp\/v2\/comments?post=31840"}],"version-history":[{"count":3,"href":"https:\/\/brazzashop.com\/en\/wp-json\/wp\/v2\/product\/31840\/revisions"}],"predecessor-version":[{"id":31935,"href":"https:\/\/brazzashop.com\/en\/wp-json\/wp\/v2\/product\/31840\/revisions\/31935"}],"wp:featuredmedia":[{"embeddable":true,"href":"https:\/\/brazzashop.com\/en\/wp-json\/wp\/v2\/media\/31839"}],"wp:attachment":[{"href":"https:\/\/brazzashop.com\/en\/wp-json\/wp\/v2\/media?parent=31840"}],"wp:term":[{"taxonomy":"product_brand","embeddable":true,"href":"https:\/\/brazzashop.com\/en\/wp-json\/wp\/v2\/product_brand?post=31840"},{"taxonomy":"product_cat","embeddable":true,"href":"https:\/\/brazzashop.com\/en\/wp-json\/wp\/v2\/product_cat?post=31840"},{"taxonomy":"product_tag","embeddable":true,"href":"https:\/\/brazzashop.com\/en\/wp-json\/wp\/v2\/product_tag?post=31840"}],"curies":[{"name":"wp","href":"https:\/\/api.w.org\/{rel}","templated":true}]}}