{"id":31827,"date":"2026-03-19T15:31:30","date_gmt":"2026-03-19T15:31:30","guid":{"rendered":"https:\/\/brazzashop.com\/product\/turma-da-monica-jequiti-produto-brasileiro\/"},"modified":"2026-03-26T01:10:12","modified_gmt":"2026-03-26T01:10:12","slug":"turma-da-monica-jequiti-produto-brasileiro","status":"publish","type":"product","link":"https:\/\/brazzashop.com\/en\/product\/turma-da-monica-jequiti-produto-brasileiro\/","title":{"rendered":"Turma da M\u00f4nica Jequiti \u2013 Produto Brasileiro"},"content":{"rendered":"<p>O kit de sabonetes Turma da M\u00f4nica da Jequiti traz um pedacinho da cultura brasileira para o dia a dia. Com 4 unidades, \u00e9 perfeito para o cuidado da pele delicada das crian\u00e7as, oferecendo limpeza suave e fragr\u00e2ncia agrad\u00e1vel. Inspirado nos personagens mais queridos do Brasil, transforma o banho em um momento divertido, nost\u00e1lgico e especial.<\/p>\n<p>&nbsp;<\/p>","protected":false},"excerpt":{"rendered":"<p>Kit com 4 Sabonetes Turma da M\u00f4nica Jequiti \u2013 Infantil, um cl\u00e1ssico que traz nostalgia da inf\u00e2ncia Brasileira. Importado do Brasil<\/p>\n<p>&nbsp;<\/p>","protected":false},"featured_media":31825,"comment_status":"open","ping_status":"closed","template":"","meta":{"_acf_changed":false},"product_brand":[],"product_cat":[46],"product_tag":[1191],"class_list":{"0":"post-31827","1":"product","2":"type-product","3":"status-publish","4":"has-post-thumbnail","6":"product_cat-beleza","7":"product_tag-local","9":"first","10":"instock","11":"sold-individually","12":"taxable","13":"shipping-taxable","14":"purchasable","15":"product-type-simple"},"acf":[],"jetpack_sharing_enabled":true,"_links":{"self":[{"href":"https:\/\/brazzashop.com\/en\/wp-json\/wp\/v2\/product\/31827","targetHints":{"allow":["GET"]}}],"collection":[{"href":"https:\/\/brazzashop.com\/en\/wp-json\/wp\/v2\/product"}],"about":[{"href":"https:\/\/brazzashop.com\/en\/wp-json\/wp\/v2\/types\/product"}],"replies":[{"embeddable":true,"href":"https:\/\/brazzashop.com\/en\/wp-json\/wp\/v2\/comments?post=31827"}],"version-history":[{"count":1,"href":"https:\/\/brazzashop.com\/en\/wp-json\/wp\/v2\/product\/31827\/revisions"}],"predecessor-version":[{"id":31937,"href":"https:\/\/brazzashop.com\/en\/wp-json\/wp\/v2\/product\/31827\/revisions\/31937"}],"wp:featuredmedia":[{"embeddable":true,"href":"https:\/\/brazzashop.com\/en\/wp-json\/wp\/v2\/media\/31825"}],"wp:attachment":[{"href":"https:\/\/brazzashop.com\/en\/wp-json\/wp\/v2\/media?parent=31827"}],"wp:term":[{"taxonomy":"product_brand","embeddable":true,"href":"https:\/\/brazzashop.com\/en\/wp-json\/wp\/v2\/product_brand?post=31827"},{"taxonomy":"product_cat","embeddable":true,"href":"https:\/\/brazzashop.com\/en\/wp-json\/wp\/v2\/product_cat?post=31827"},{"taxonomy":"product_tag","embeddable":true,"href":"https:\/\/brazzashop.com\/en\/wp-json\/wp\/v2\/product_tag?post=31827"}],"curies":[{"name":"wp","href":"https:\/\/api.w.org\/{rel}","templated":true}]}}