{"id":29883,"date":"2026-01-10T19:00:06","date_gmt":"2026-01-10T19:00:06","guid":{"rendered":"https:\/\/brazzashop.com\/?page_id=29883"},"modified":"2026-01-10T20:18:36","modified_gmt":"2026-01-10T20:18:36","slug":"voce-sabia","status":"publish","type":"page","link":"https:\/\/brazzashop.com\/en\/voce-sabia\/","title":{"rendered":"Voc\u00ea sabia?"},"content":{"rendered":"<p>Voc\u00ea sabia que o Brasil \u00e9 um dos pa\u00edses mais ricos em cultura, hist\u00f3ria e diversidade do mundo?<\/p>\n\n\n\n<p>Aqui voc\u00ea vai descobrir fatos interessantes, curiosidades surpreendentes e informa\u00e7\u00f5es que mostram como o Brasil \u00e9 um pa\u00eds \u00fanico \u2014 tudo de forma leve, curiosa e f\u00e1cil de ler. <\/p>\n\n\n\n<p><\/p>\n\n\n\n<p>\u2022 O Brasil \u00e9 o maior pa\u00eds da Am\u00e9rica do Sul e o quinto maior do mundo em territ\u00f3rio.<\/p>\n\n\n\n<p>\u2022 O nome \u201cBrasil\u201d vem do pau-brasil, uma \u00e1rvore muito valorizada no per\u00edodo colonial por causa de sua cor avermelhada.<\/p>\n\n\n\n<p>\u2022 Aqui vivem mais de 200 milh\u00f5es de pessoas, formando uma enorme diversidade cultural.<\/p>\n\n\n\n<p>\u2022 O portugu\u00eas \u00e9 a l\u00edngua oficial do pa\u00eds, herdada da coloniza\u00e7\u00e3o portuguesa.<\/p>\n\n\n\n<p>\u2022 A Floresta Amaz\u00f4nica \u00e9 a maior floresta tropical do mundo e abriga uma biodiversidade impressionante.<\/p>\n\n\n\n<p>\u2022 Animais como a on\u00e7a-pintada, o tucano, a arara e a capivara s\u00e3o s\u00edmbolos da fauna brasileira.<\/p>\n\n\n\n<p>\u2022 Cerca de 20% da \u00e1gua doce do planeta est\u00e1 localizada em territ\u00f3rio brasileiro.<\/p>\n\n\n\n<p>\u2022 O Carnaval brasileiro \u00e9 um dos maiores eventos culturais do mundo e atrai milh\u00f5es de visitantes todos os anos.<\/p>\n\n\n\n<p>\u2022 O pa\u00eds possui centenas de ritmos musicais, como samba, forr\u00f3, funk, bossa nova e sertanejo.<\/p>\n\n\n\n<p>\u2022 A feijoada \u00e9 um dos pratos mais tradicionais do Brasil, com varia\u00e7\u00f5es regionais.<\/p>\n\n\n\n<p>\u2022 O futebol \u00e9 uma grande paix\u00e3o nacional e faz parte da identidade do pa\u00eds.<\/p>\n\n\n\n<p>\u2022 O Brasil \u00e9 o \u00fanico pa\u00eds que participou de todas as Copas do Mundo de futebol.<\/p>\n\n\n\n<p>\u2022 O Brasil faz fronteira com quase todos os pa\u00edses da Am\u00e9rica do Sul \u2014 n\u00e3o faz fronteira apenas com o Chile e o Equador.<\/p>\n\n\n\n<p> <\/p>\n\n\n\n<p>\u2728 Gostou? Volte sempre para descobrir novas curiosidades e aprender mais sobre o Brasil.<\/p>","protected":false},"excerpt":{"rendered":"<p>Voc\u00ea sabia que o Brasil \u00e9 um dos pa\u00edses mais ricos em cultura, hist\u00f3ria e diversidade do mundo? Aqui voc\u00ea<\/p>","protected":false},"author":1,"featured_media":0,"parent":0,"menu_order":0,"comment_status":"closed","ping_status":"closed","template":"","meta":{"_acf_changed":false,"footnotes":""},"class_list":["post-29883","page","type-page","status-publish","hentry"],"acf":[],"_hostinger_reach_plugin_has_subscription_block":false,"_hostinger_reach_plugin_is_elementor":false,"jetpack_sharing_enabled":true,"_links":{"self":[{"href":"https:\/\/brazzashop.com\/en\/wp-json\/wp\/v2\/pages\/29883","targetHints":{"allow":["GET"]}}],"collection":[{"href":"https:\/\/brazzashop.com\/en\/wp-json\/wp\/v2\/pages"}],"about":[{"href":"https:\/\/brazzashop.com\/en\/wp-json\/wp\/v2\/types\/page"}],"author":[{"embeddable":true,"href":"https:\/\/brazzashop.com\/en\/wp-json\/wp\/v2\/users\/1"}],"replies":[{"embeddable":true,"href":"https:\/\/brazzashop.com\/en\/wp-json\/wp\/v2\/comments?post=29883"}],"version-history":[{"count":0,"href":"https:\/\/brazzashop.com\/en\/wp-json\/wp\/v2\/pages\/29883\/revisions"}],"wp:attachment":[{"href":"https:\/\/brazzashop.com\/en\/wp-json\/wp\/v2\/media?parent=29883"}],"curies":[{"name":"wp","href":"https:\/\/api.w.org\/{rel}","templated":true}]}}