{"id":29881,"date":"2026-01-10T18:58:11","date_gmt":"2026-01-10T18:58:11","guid":{"rendered":"https:\/\/brazzashop.com\/?page_id=29881"},"modified":"2026-01-11T01:06:33","modified_gmt":"2026-01-11T01:06:33","slug":"curiosidades-sobre-o-brasil","status":"publish","type":"page","link":"https:\/\/brazzashop.com\/en\/curiosidades-sobre-o-brasil\/","title":{"rendered":"Curiosidades sobre o Brasil"},"content":{"rendered":"<h1 class=\"wp-block-heading\">\ud83c\udde7\ud83c\uddf7 Curiosidades Brasileiras<\/h1>\n\n\n\n<p>O Brasil \u00e9 um pa\u00eds cheio de hist\u00f3rias incr\u00edveis, costumes \u00fanicos e fatos curiosos que surpreendem at\u00e9 quem nasceu aqui. Nesta p\u00e1gina, voc\u00ea vai descobrir curiosidades sobre a cultura, a natureza, as pessoas e as tradi\u00e7\u00f5es brasileiras \u2014 tudo de forma leve, divertida e interessante.<\/p>\n\n\n\n<hr class=\"wp-block-separator has-alpha-channel-opacity\"\/>\n\n\n\n<h2 class=\"wp-block-heading\">\ud83c\udf0e Curiosidades sobre o Brasil<\/h2>\n\n\n\n<ul class=\"wp-block-list\">\n<li>O Brasil \u00e9 o maior pa\u00eds da Am\u00e9rica do Sul e o quinto maior do mundo em territ\u00f3rio.<\/li>\n\n\n\n<li>Aqui vivem mais de 200 milh\u00f5es de pessoas, com uma das maiores misturas culturais do planeta.<\/li>\n\n\n\n<li>A l\u00edngua oficial \u00e9 o portugu\u00eas, e o Brasil \u00e9 o \u00fanico pa\u00eds das Am\u00e9ricas que fala portugu\u00eas.<\/li>\n\n\n\n<li>O pa\u00eds possui 6 biomas diferentes, incluindo a Amaz\u00f4nia, o Cerrado e o Pantanal.<\/li>\n\n\n\n<li>O Brasil abriga cerca de 20% de toda a \u00e1gua doce do planeta.<\/li>\n<\/ul>\n\n\n\n<hr class=\"wp-block-separator has-alpha-channel-opacity\"\/>\n\n\n\n<h2 class=\"wp-block-heading\">\ud83c\udfad Cultura e Tradi\u00e7\u00f5es<\/h2>\n\n\n\n<ul class=\"wp-block-list\">\n<li>O Carnaval brasileiro \u00e9 considerado o maior do mundo, atraindo milh\u00f5es de turistas todos os anos.<\/li>\n\n\n\n<li>O Brasil tem mais de 300 ritmos musicais, como samba, forr\u00f3, funk, bossa nova e sertanejo.<\/li>\n\n\n\n<li>A feijoada \u00e9 um dos pratos mais tradicionais do pa\u00eds, mas cada regi\u00e3o tem sua pr\u00f3pria vers\u00e3o.<\/li>\n\n\n\n<li>O futebol \u00e9 uma paix\u00e3o nacional \u2014 o Brasil \u00e9 o \u00fanico pa\u00eds que participou de todas as Copas do Mundo.<\/li>\n<\/ul>\n\n\n\n<hr class=\"wp-block-separator has-alpha-channel-opacity\"\/>\n\n\n\n<h2 class=\"wp-block-heading\">\ud83d\udc06 Natureza e Animais<\/h2>\n\n\n\n<ul class=\"wp-block-list\">\n<li>A Amaz\u00f4nia \u00e9 a maior floresta tropical do mundo.<\/li>\n\n\n\n<li>O Brasil \u00e9 um dos pa\u00edses com maior biodiversidade, com milhares de esp\u00e9cies de plantas e animais.<\/li>\n\n\n\n<li>Animais como on\u00e7a-pintada, tucano, arara e capivara s\u00e3o s\u00edmbolos do pa\u00eds.<\/li>\n\n\n\n<li>O Pantanal \u00e9 considerado a maior plan\u00edcie alag\u00e1vel do planeta.<\/li>\n<\/ul>","protected":false},"excerpt":{"rendered":"<p>\ud83c\udde7\ud83c\uddf7 Curiosidades Brasileiras O Brasil \u00e9 um pa\u00eds cheio de hist\u00f3rias incr\u00edveis, costumes \u00fanicos e fatos curiosos que surpreendem at\u00e9<\/p>","protected":false},"author":1,"featured_media":0,"parent":0,"menu_order":0,"comment_status":"closed","ping_status":"closed","template":"","meta":{"_acf_changed":false,"footnotes":""},"class_list":["post-29881","page","type-page","status-publish","hentry"],"acf":[],"_hostinger_reach_plugin_has_subscription_block":false,"_hostinger_reach_plugin_is_elementor":false,"jetpack_sharing_enabled":true,"_links":{"self":[{"href":"https:\/\/brazzashop.com\/en\/wp-json\/wp\/v2\/pages\/29881","targetHints":{"allow":["GET"]}}],"collection":[{"href":"https:\/\/brazzashop.com\/en\/wp-json\/wp\/v2\/pages"}],"about":[{"href":"https:\/\/brazzashop.com\/en\/wp-json\/wp\/v2\/types\/page"}],"author":[{"embeddable":true,"href":"https:\/\/brazzashop.com\/en\/wp-json\/wp\/v2\/users\/1"}],"replies":[{"embeddable":true,"href":"https:\/\/brazzashop.com\/en\/wp-json\/wp\/v2\/comments?post=29881"}],"version-history":[{"count":0,"href":"https:\/\/brazzashop.com\/en\/wp-json\/wp\/v2\/pages\/29881\/revisions"}],"wp:attachment":[{"href":"https:\/\/brazzashop.com\/en\/wp-json\/wp\/v2\/media?parent=29881"}],"curies":[{"name":"wp","href":"https:\/\/api.w.org\/{rel}","templated":true}]}}